{"id":4443,"date":"2026-01-22T21:49:43","date_gmt":"2026-01-23T01:49:43","guid":{"rendered":"https:\/\/escueladesaludhsp.com\/?page_id=4443"},"modified":"2026-02-01T17:59:13","modified_gmt":"2026-02-01T21:59:13","slug":"consejeria","status":"publish","type":"page","link":"https:\/\/escueladesaludhsp.com\/?page_id=4443","title":{"rendered":"Consejer\u00eda"},"content":{"rendered":"\t\t<div data-elementor-type=\"wp-page\" data-elementor-id=\"4443\" class=\"elementor elementor-4443\">\n\t\t\t\t<div class=\"elementor-element elementor-element-02b2dae e-flex e-con-boxed e-con e-parent\" data-id=\"02b2dae\" data-element_type=\"container\">\n\t\t\t\t\t<div class=\"e-con-inner\">\n\t\t\t\t<div class=\"elementor-element elementor-element-5e91da0 elementor-widget elementor-widget-heading\" data-id=\"5e91da0\" data-element_type=\"widget\" data-widget_type=\"heading.default\">\n\t\t\t\t\t<h2 class=\"elementor-heading-title elementor-size-default\">Oficina de Consejer\u00eda<\/h2>\t\t\t\t<\/div>\n\t\t\t\t\t<\/div>\n\t\t\t\t<\/div>\n\t\t<div class=\"elementor-element elementor-element-98b6d38 e-flex e-con-boxed e-con e-parent\" data-id=\"98b6d38\" data-element_type=\"container\">\n\t\t\t\t\t<div class=\"e-con-inner\">\n\t\t\t\t<div class=\"elementor-element elementor-element-b54608a elementor-widget elementor-widget-text-editor\" data-id=\"b54608a\" data-element_type=\"widget\" data-widget_type=\"text-editor.default\">\n\t\t\t\t\t\t\t\t\t<p data-start=\"1756\" data-end=\"1853\">La Oficina de Consejer\u00eda ofrece acompa\u00f1amiento integral para el desarrollo personal y acad\u00e9mico.\u00a0<\/p><ul data-start=\"1855\" data-end=\"2078\"><li data-start=\"1855\" data-end=\"1896\"><p data-start=\"1857\" data-end=\"1896\">Orientaci\u00f3n acad\u00e9mica individualizada<\/p><\/li><li data-start=\"1979\" data-end=\"2027\"><p data-start=\"1981\" data-end=\"2027\">Referidos a servicios de apoyo.<\/p><\/li><li data-start=\"1979\" data-end=\"2027\"><p data-start=\"1981\" data-end=\"2027\">Bienestar emocional.<\/p><\/li><\/ul><p data-start=\"2080\" data-end=\"2160\">Este servicio promueve el <strong data-start=\"2106\" data-end=\"2159\">equilibrio, la permanencia y el \u00e9xito estudiantil.<\/strong><\/p><p data-start=\"2080\" data-end=\"2160\">Nos puedes contactar a trav\u00e9s del correo: <a href=\"mailto:consejeriaescuelahimasanpablo@gmail.com\">consejeriaescuelahimasanpablo@gmail.com<\/a><\/p>\t\t\t\t\t\t\t\t<\/div>\n\t\t\t\t\t<\/div>\n\t\t\t\t<\/div>\n\t\t\t\t<\/div>\n\t\t","protected":false},"excerpt":{"rendered":"<p>Oficina de Consejer\u00eda La Oficina de Consejer\u00eda ofrece acompa\u00f1amiento integral para el desarrollo personal y acad\u00e9mico.\u00a0 Orientaci\u00f3n acad\u00e9mica individualizada Referidos a servicios de apoyo. Bienestar emocional. Este servicio promueve el &hellip; <br \/><a href=\"https:\/\/escueladesaludhsp.com\/?page_id=4443\" class=\"more-link\">Continue reading <span class=\"screen-reader-text\">Consejer\u00eda<\/span><\/a><\/p>\n","protected":false},"author":2,"featured_media":0,"parent":4439,"menu_order":0,"comment_status":"closed","ping_status":"closed","template":"","meta":{"footnotes":""},"class_list":["post-4443","page","type-page","status-publish","hentry"],"_links":{"self":[{"href":"https:\/\/escueladesaludhsp.com\/index.php?rest_route=\/wp\/v2\/pages\/4443","targetHints":{"allow":["GET"]}}],"collection":[{"href":"https:\/\/escueladesaludhsp.com\/index.php?rest_route=\/wp\/v2\/pages"}],"about":[{"href":"https:\/\/escueladesaludhsp.com\/index.php?rest_route=\/wp\/v2\/types\/page"}],"author":[{"embeddable":true,"href":"https:\/\/escueladesaludhsp.com\/index.php?rest_route=\/wp\/v2\/users\/2"}],"replies":[{"embeddable":true,"href":"https:\/\/escueladesaludhsp.com\/index.php?rest_route=%2Fwp%2Fv2%2Fcomments&post=4443"}],"version-history":[{"count":7,"href":"https:\/\/escueladesaludhsp.com\/index.php?rest_route=\/wp\/v2\/pages\/4443\/revisions"}],"predecessor-version":[{"id":4451,"href":"https:\/\/escueladesaludhsp.com\/index.php?rest_route=\/wp\/v2\/pages\/4443\/revisions\/4451"}],"up":[{"embeddable":true,"href":"https:\/\/escueladesaludhsp.com\/index.php?rest_route=\/wp\/v2\/pages\/4439"}],"wp:attachment":[{"href":"https:\/\/escueladesaludhsp.com\/index.php?rest_route=%2Fwp%2Fv2%2Fmedia&parent=4443"}],"curies":[{"name":"wp","href":"https:\/\/api.w.org\/{rel}","templated":true}]}}