{"id":4433,"date":"2026-01-22T20:31:47","date_gmt":"2026-01-23T00:31:47","guid":{"rendered":"https:\/\/escueladesaludhsp.com\/?page_id=4433"},"modified":"2026-02-10T19:17:14","modified_gmt":"2026-02-10T23:17:14","slug":"biblioteca","status":"publish","type":"page","link":"https:\/\/escueladesaludhsp.com\/?page_id=4433","title":{"rendered":"Biblioteca"},"content":{"rendered":"\t\t<div data-elementor-type=\"wp-page\" data-elementor-id=\"4433\" class=\"elementor elementor-4433\">\n\t\t\t\t<div class=\"elementor-element elementor-element-caeb777 e-flex e-con-boxed e-con e-parent\" data-id=\"caeb777\" data-element_type=\"container\">\n\t\t\t\t\t<div class=\"e-con-inner\">\n\t\t\t\t<div class=\"elementor-element elementor-element-1371f9a elementor-widget elementor-widget-text-editor\" data-id=\"1371f9a\" data-element_type=\"widget\" data-widget_type=\"text-editor.default\">\n\t\t\t\t\t\t\t\t\t<p><strong>.<img fetchpriority=\"high\" decoding=\"async\" class=\"size-medium wp-image-4466 alignnone\" src=\"https:\/\/escueladesaludhsp.com\/wp-content\/uploads\/2026\/02\/Estante-con-libros-300x200.jpg\" alt=\"\" width=\"300\" height=\"200\" srcset=\"https:\/\/escueladesaludhsp.com\/wp-content\/uploads\/2026\/02\/Estante-con-libros-300x200.jpg 300w, https:\/\/escueladesaludhsp.com\/wp-content\/uploads\/2026\/02\/Estante-con-libros-1024x683.jpg 1024w, https:\/\/escueladesaludhsp.com\/wp-content\/uploads\/2026\/02\/Estante-con-libros-768x512.jpg 768w, https:\/\/escueladesaludhsp.com\/wp-content\/uploads\/2026\/02\/Estante-con-libros-1536x1024.jpg 1536w, https:\/\/escueladesaludhsp.com\/wp-content\/uploads\/2026\/02\/Estante-con-libros-2048x1366.jpg 2048w\" sizes=\"(max-width: 300px) 100vw, 300px\" \/><\/strong><\/p><h3 data-start=\"851\" data-end=\"973\"><strong>\u00a1Tu apoyo acad\u00e9mico comienza aqu\u00ed!<\/strong><\/h3><p data-start=\"851\" data-end=\"973\">En el Centro de Recursos Acad\u00e9micos e Investigaci\u00f3n (CRAI) ofrecemos acceso a recursos f\u00edsicos y digitales que fortalecen el aprendizaje, la investigaci\u00f3n y el desarrollo acad\u00e9mico.<\/p><h3 data-start=\"356\" data-end=\"399\"><strong data-start=\"360\" data-end=\"399\">\u00bfQu\u00e9 puedes hacer en la biblioteca?<\/strong><\/h3><ul data-start=\"400\" data-end=\"652\"><li data-start=\"400\" data-end=\"450\"><p data-start=\"402\" data-end=\"450\">Encontrar libros y art\u00edculos para tus trabajos<\/p><\/li><li data-start=\"451\" data-end=\"496\"><p data-start=\"453\" data-end=\"496\">Usar bases de datos acad\u00e9micas confiables<\/p><\/li><li data-start=\"497\" data-end=\"540\"><p data-start=\"499\" data-end=\"540\">Recibir ayuda para citas en formato APA<\/p><\/li><li data-start=\"541\" data-end=\"580\"><p data-start=\"543\" data-end=\"580\">Solicitar tutor\u00edas de investigaci\u00f3n<\/p><\/li><li data-start=\"581\" data-end=\"616\"><p data-start=\"583\" data-end=\"616\">Estudiar en espacios tranquilos<\/p><\/li><li data-start=\"617\" data-end=\"652\"><p data-start=\"619\" data-end=\"652\">Acceder a recursos digitales 24\/7<\/p><\/li><\/ul><ul><li data-start=\"975\" data-end=\"1018\"><p data-start=\"977\" data-end=\"1018\">Bases de datos acad\u00e9micas y cient\u00edficas<\/p><\/li><li data-start=\"1019\" data-end=\"1077\"><p data-start=\"1021\" data-end=\"1077\">Libros electr\u00f3nicos, revistas y repositorios digitales.<\/p><\/li><li data-start=\"1078\" data-end=\"1140\"><p data-start=\"1080\" data-end=\"1140\">Asistencia en investigaci\u00f3n y alfabetizaci\u00f3n informacional<\/p><\/li><li data-start=\"1141\" data-end=\"1197\"><p data-start=\"1143\" data-end=\"1197\">Talleres, seminarios y apoyo acad\u00e9mico personalizado<\/p><\/li><li data-start=\"1198\" data-end=\"1246\"><p data-start=\"1200\" data-end=\"1246\">Servicios de referencia virtual y presencial<\/p><\/li><li data-start=\"1198\" data-end=\"1246\"><p data-start=\"1200\" data-end=\"1246\"><span style=\"color: #0000ff;\"><a style=\"color: #0000ff;\" href=\"https:\/\/crai-escueladesaludhima.librarika.com\/search\">Cat\u00e1logo<\/a>\u00a0<\/span>[<span style=\"color: #212529; font-family: -apple-system, BlinkMacSystemFont, 'Segoe UI', Roboto, 'Helvetica Neue', Arial, 'Noto Sans', sans-serif, 'Apple Color Emoji', 'Segoe UI Emoji', 'Segoe UI Symbol', 'Noto Color Emoji';\">En el cat\u00e1logo p\u00fablico encontrar\u00e1s el listado de los libros que est\u00e1n f\u00edsicamente y puedes usar en la biblioteca. Para comenzar a buscar presiona la palabra &#8220;Cat\u00e1logo&#8221;.<\/span><\/p><\/li><li data-start=\"1198\" data-end=\"1246\"><h3 data-start=\"1200\" data-end=\"1246\"><a href=\"https:\/\/lms.fundacioneducativa.org\/course\/view.php?id=12\"><span style=\"color: #212529; font-family: -apple-system, BlinkMacSystemFont, 'Segoe UI', Roboto, 'Helvetica Neue', Arial, 'Noto Sans', sans-serif, 'Apple Color Emoji', 'Segoe UI Emoji', 'Segoe UI Symbol', 'Noto Color Emoji';\">Biblioteca Virtual<\/span><\/a><\/h3><\/li><li><h3 data-start=\"1200\" data-end=\"1246\"><span style=\"color: #212529; font-family: -apple-system, BlinkMacSystemFont, 'Segoe UI', Roboto, 'Helvetica Neue', Arial, 'Noto Sans', sans-serif, 'Apple Color Emoji', 'Segoe UI Emoji', 'Segoe UI Symbol', 'Noto Color Emoji';\">Bases de datos<\/span><\/h3><\/li><\/ul><p>Algunas de las bases de datos* que puedes encontrar en la biblioteca virtual son:<\/p><p style=\"padding-left: 40px;\"><a id=\"yui_3_17_2_1_1770762209737_2300\" style=\"color: #0000ff;\" href=\"https:\/\/www.semanticscholar.org\/\" target=\"_blank\" rel=\"noopener\"><strong>Semantic Scholar<\/strong><\/a><\/p><p style=\"padding-left: 40px;\">Semantic Scholar es una herramienta de investigaci\u00f3n gratuita, impulsada por IA, para literatura cient\u00edfica, con sede en Ai2.<\/p><p id=\"yui_3_17_2_1_1770762209737_2366\" dir=\"ltr\" style=\"padding-left: 40px;\"><strong><span style=\"color: #0000ff;\"><a style=\"color: #0000ff;\" href=\"https:\/\/lms.fundacioneducativa.org\/course\/view.php?id=12#section-5\">Wiley Online Library*<\/a><\/span><\/strong><\/p><p dir=\"ltr\" style=\"padding-left: 40px;\">Base de datos multidisciplinaria en distintos formatos.<\/p><p dir=\"ltr\" style=\"padding-left: 40px;\"><strong><span style=\"color: #0000ff;\"><a style=\"color: #0000ff;\" href=\"http:\/\/www.rxlist.com\/script\/main\/hp.asp\">Rx List<\/a><\/span><\/strong><\/p><p dir=\"ltr\" style=\"padding-left: 40px;\">Una base de datos de medicamentos en Internet.<\/p><p dir=\"ltr\">\u00a0 \u00a0 \u00a0 \u00a0 \u00a0<strong><span style=\"color: #0000ff;\"><a style=\"color: #0000ff;\" href=\"https:\/\/www.tripdatabase.com\/index.html\">TRIP<\/a><\/span><\/strong><\/p><p dir=\"ltr\" style=\"padding-left: 40px;\">Trip es un motor de b\u00fasqueda cl\u00ednica dise\u00f1ado para permitir a los usuarios encontrar y utilizar de forma r\u00e1pida y sencilla evidencia de investigaci\u00f3n de alta calidad para respaldar su pr\u00e1ctica o atenci\u00f3n.<\/p><p dir=\"ltr\">*Para acceder a algunas de estas necesitas usar credenciales.<\/p><h3>Pr\u00e9stamos interbibliotecarios<\/h3><div class=\"box py-3 generalbox center clearfix\"><div class=\"no-overflow\"><p dir=\"ltr\">El fin del servicio de Pr\u00e9stamo Interbibliotecario es obtener los materiales que no est\u00e1n disponibles en el Centro de Recursos. El pr\u00e9stamo interbibliotecario sigue estando disponible para los art\u00edculos que se pueden tomar prestados electr\u00f3nica y f\u00edsicamente de otras bibliotecas. Este servicio es exclusivo para los estudiantes, profesores y personal de la Escuela de Salud HIMA San Pablo tienen derecho a estos servicios. Para m\u00e1s informaci\u00f3n, v\u00e9ase la <span style=\"color: #0000ff;\"><a style=\"color: #0000ff;\" href=\"https:\/\/escueladesaludhsp.com\/wp-content\/uploads\/2026\/02\/PRESTAMO-INTERBIBLIOTECARIO-2025.pdf\">PR\u00c9STAMO INTERBIBLIOTECARIO<\/a>.<\/span><\/p><\/div><\/div><ul data-start=\"975\" data-end=\"1246\"><li data-start=\"1198\" data-end=\"1246\"><h3 data-start=\"659\" data-end=\"684\"><strong data-start=\"663\" data-end=\"684\">Servicios para ti<\/strong><\/h3><p data-start=\"685\" data-end=\"849\"><img decoding=\"async\" class=\"emoji\" role=\"img\" draggable=\"false\" src=\"https:\/\/s.w.org\/images\/core\/emoji\/17.0.2\/svg\/2705.svg\" alt=\"\u2705\" \/> Asesor\u00eda personalizada<br data-start=\"709\" data-end=\"712\" \/><img decoding=\"async\" class=\"emoji\" role=\"img\" draggable=\"false\" src=\"https:\/\/s.w.org\/images\/core\/emoji\/17.0.2\/svg\/2705.svg\" alt=\"\u2705\" \/> Talleres acad\u00e9micos<br data-start=\"733\" data-end=\"736\" \/><img decoding=\"async\" class=\"emoji\" role=\"img\" draggable=\"false\" src=\"https:\/\/s.w.org\/images\/core\/emoji\/17.0.2\/svg\/2705.svg\" alt=\"\u2705\" \/> Acceso a computadoras e internet<br data-start=\"770\" data-end=\"773\" \/><img decoding=\"async\" class=\"emoji\" role=\"img\" draggable=\"false\" src=\"https:\/\/s.w.org\/images\/core\/emoji\/17.0.2\/svg\/2705.svg\" alt=\"\u2705\" \/> Recursos electr\u00f3nicos y libros digitales<br data-start=\"815\" data-end=\"818\" \/><img decoding=\"async\" class=\"emoji\" role=\"img\" draggable=\"false\" src=\"https:\/\/s.w.org\/images\/core\/emoji\/17.0.2\/svg\/2705.svg\" alt=\"\u2705\" \/> Gu\u00edas y tutoriales de estudio.<\/p><\/li><li data-start=\"1198\" data-end=\"1246\">Nos puedes escribir a:<span style=\"color: #0000ff;\"><a class=\"aalink\" style=\"color: #0000ff;\" href=\"https:\/\/lms.fundacioneducativa.org\/mod\/page\/view.php?id=322\"><span class=\"instancename\"> biblioteca@escueladesaludhsp.com<\/span><\/a><\/span><\/li><\/ul>\t\t\t\t\t\t\t\t<\/div>\n\t\t\t\t\t<\/div>\n\t\t\t\t<\/div>\n\t\t\t\t<\/div>\n\t\t","protected":false},"excerpt":{"rendered":"<p>. \u00a1Tu apoyo acad\u00e9mico comienza aqu\u00ed! En el Centro de Recursos Acad\u00e9micos e Investigaci\u00f3n (CRAI) ofrecemos acceso a recursos f\u00edsicos y digitales que fortalecen el aprendizaje, la investigaci\u00f3n y el &hellip; <br \/><a href=\"https:\/\/escueladesaludhsp.com\/?page_id=4433\" class=\"more-link\">Continue reading <span class=\"screen-reader-text\">Biblioteca<\/span><\/a><\/p>\n","protected":false},"author":2,"featured_media":0,"parent":0,"menu_order":0,"comment_status":"closed","ping_status":"closed","template":"","meta":{"footnotes":""},"class_list":["post-4433","page","type-page","status-publish","hentry"],"_links":{"self":[{"href":"https:\/\/escueladesaludhsp.com\/index.php?rest_route=\/wp\/v2\/pages\/4433","targetHints":{"allow":["GET"]}}],"collection":[{"href":"https:\/\/escueladesaludhsp.com\/index.php?rest_route=\/wp\/v2\/pages"}],"about":[{"href":"https:\/\/escueladesaludhsp.com\/index.php?rest_route=\/wp\/v2\/types\/page"}],"author":[{"embeddable":true,"href":"https:\/\/escueladesaludhsp.com\/index.php?rest_route=\/wp\/v2\/users\/2"}],"replies":[{"embeddable":true,"href":"https:\/\/escueladesaludhsp.com\/index.php?rest_route=%2Fwp%2Fv2%2Fcomments&post=4433"}],"version-history":[{"count":34,"href":"https:\/\/escueladesaludhsp.com\/index.php?rest_route=\/wp\/v2\/pages\/4433\/revisions"}],"predecessor-version":[{"id":4498,"href":"https:\/\/escueladesaludhsp.com\/index.php?rest_route=\/wp\/v2\/pages\/4433\/revisions\/4498"}],"wp:attachment":[{"href":"https:\/\/escueladesaludhsp.com\/index.php?rest_route=%2Fwp%2Fv2%2Fmedia&parent=4433"}],"curies":[{"name":"wp","href":"https:\/\/api.w.org\/{rel}","templated":true}]}}