{"id":4404,"date":"2026-01-19T13:53:43","date_gmt":"2026-01-19T17:53:43","guid":{"rendered":"https:\/\/escueladesaludhsp.com\/?page_id=4404"},"modified":"2026-01-19T17:19:27","modified_gmt":"2026-01-19T21:19:27","slug":"reglamento-de-estudiantes","status":"publish","type":"page","link":"https:\/\/escueladesaludhsp.com\/?page_id=4404","title":{"rendered":"Reglamento de estudiantes"},"content":{"rendered":"\t\t<div data-elementor-type=\"wp-page\" data-elementor-id=\"4404\" class=\"elementor elementor-4404\">\n\t\t\t\t<div class=\"elementor-element elementor-element-e43c401 e-flex e-con-boxed e-con e-parent\" data-id=\"e43c401\" data-element_type=\"container\">\n\t\t\t\t\t<div class=\"e-con-inner\">\n\t\t\t\t<div class=\"elementor-element elementor-element-71e3159 elementor-widget elementor-widget-text-editor\" data-id=\"71e3159\" data-element_type=\"widget\" data-widget_type=\"text-editor.default\">\n\t\t\t\t\t\t\t\t\t<div class=\"elementor-element elementor-element-9846b30 elementor-widget elementor-widget-edumy_heading\" data-id=\"9846b30\" data-element_type=\"widget\" data-widget_type=\"edumy_heading.default\">\n<div class=\"elementor-widget-container\">\n<h2 class=\"edumy-heading-title edumy-size-default\">Reglamento de estudiantes<\/h2>\n<\/div>\n<\/div>\n<div class=\"elementor-element elementor-element-e6d78db elementor-widget elementor-widget-text-editor\" data-id=\"e6d78db\" data-element_type=\"widget\" data-widget_type=\"text-editor.default\">\n<p>El Reglamento del estudiante de enfermer\u00eda est\u00e1 delineado en conformidad con la Misi\u00f3n, Visi\u00f3n y Pol\u00edticas de la Instituci\u00f3n. Este<br>reglamento es un documento oficial de la Escuela de Salud HIMA\u2022San&nbsp;Pablo. El mismo contiene las reglas y normas que rigen la sana convivencia<br>de la comunidad estudiantil. Este Reglamento aplica a todas actividades relacionadas o auspiciadas por la Instituci\u00f3n, tanto dentro como fuera de<br>los predios de la Escuela.<\/p>\n<p>Ver:&nbsp;<a href=\"https:\/\/escueladesaludhsp.com\/wp-content\/uploads\/2025\/10\/Reglamento-de-Estudiantes-FEHSP-2025-pdf.pdf\">Reglamento de Estudiantes FEHSP 2025<\/a><\/p>\n<\/div>\t\t\t\t\t\t\t\t<\/div>\n\t\t\t\t\t<\/div>\n\t\t\t\t<\/div>\n\t\t\t\t<\/div>\n\t\t","protected":false},"excerpt":{"rendered":"<p>Reglamento de estudiantes El Reglamento del estudiante de enfermer\u00eda est\u00e1 delineado en conformidad con la Misi\u00f3n, Visi\u00f3n y Pol\u00edticas de la Instituci\u00f3n. Estereglamento es un documento oficial de la Escuela &hellip; <br \/><a href=\"https:\/\/escueladesaludhsp.com\/?page_id=4404\" class=\"more-link\">Continue reading <span class=\"screen-reader-text\">Reglamento de estudiantes<\/span><\/a><\/p>\n","protected":false},"author":2,"featured_media":0,"parent":0,"menu_order":0,"comment_status":"closed","ping_status":"closed","template":"","meta":{"footnotes":""},"class_list":["post-4404","page","type-page","status-publish","hentry"],"_links":{"self":[{"href":"https:\/\/escueladesaludhsp.com\/index.php?rest_route=\/wp\/v2\/pages\/4404","targetHints":{"allow":["GET"]}}],"collection":[{"href":"https:\/\/escueladesaludhsp.com\/index.php?rest_route=\/wp\/v2\/pages"}],"about":[{"href":"https:\/\/escueladesaludhsp.com\/index.php?rest_route=\/wp\/v2\/types\/page"}],"author":[{"embeddable":true,"href":"https:\/\/escueladesaludhsp.com\/index.php?rest_route=\/wp\/v2\/users\/2"}],"replies":[{"embeddable":true,"href":"https:\/\/escueladesaludhsp.com\/index.php?rest_route=%2Fwp%2Fv2%2Fcomments&post=4404"}],"version-history":[{"count":13,"href":"https:\/\/escueladesaludhsp.com\/index.php?rest_route=\/wp\/v2\/pages\/4404\/revisions"}],"predecessor-version":[{"id":4426,"href":"https:\/\/escueladesaludhsp.com\/index.php?rest_route=\/wp\/v2\/pages\/4404\/revisions\/4426"}],"wp:attachment":[{"href":"https:\/\/escueladesaludhsp.com\/index.php?rest_route=%2Fwp%2Fv2%2Fmedia&parent=4404"}],"curies":[{"name":"wp","href":"https:\/\/api.w.org\/{rel}","templated":true}]}}