{"id":4342,"date":"2025-07-01T02:32:02","date_gmt":"2025-07-01T06:32:02","guid":{"rendered":"https:\/\/escueladesaludhsp.com\/?page_id=4342"},"modified":"2026-02-01T18:20:37","modified_gmt":"2026-02-01T22:20:37","slug":"politicas-institucionales","status":"publish","type":"page","link":"https:\/\/escueladesaludhsp.com\/?page_id=4342","title":{"rendered":"Pol\u00edticas Institucionales"},"content":{"rendered":"\t\t<div data-elementor-type=\"wp-post\" data-elementor-id=\"4342\" class=\"elementor elementor-4342\">\n\t\t\t\t\t\t<section class=\"elementor-section elementor-top-section elementor-element elementor-element-51b5fb0 elementor-section-stretched elementor-section-boxed elementor-section-height-default elementor-section-height-default\" data-id=\"51b5fb0\" data-element_type=\"section\" data-settings=\"{&quot;stretch_section&quot;:&quot;section-stretched&quot;}\">\n\t\t\t\t\t\t<div class=\"elementor-container elementor-column-gap-extended\">\n\t\t\t\t\t<div class=\"elementor-column elementor-col-50 elementor-top-column elementor-element elementor-element-371e747\" data-id=\"371e747\" data-element_type=\"column\">\n\t\t\t<div class=\"elementor-widget-wrap elementor-element-populated\">\n\t\t\t\t\t\t<div class=\"elementor-element elementor-element-9846b30 elementor-widget__width-initial elementor-widget elementor-widget-edumy_heading\" data-id=\"9846b30\" data-element_type=\"widget\" data-widget_type=\"edumy_heading.default\">\n\t\t\t\t<div class=\"elementor-widget-container\">\n\t\t\t\t\t<h2 class=\"edumy-heading-title edumy-size-default\">Pol\u00edticas Institucionales<\/h2>\t\t\t\t<\/div>\n\t\t\t\t<\/div>\n\t\t\t\t<div class=\"elementor-element elementor-element-97369fd elementor-widget elementor-widget-text-editor\" data-id=\"97369fd\" data-element_type=\"widget\" data-widget_type=\"text-editor.default\">\n\t\t\t\t\t\t\t\t\t<p>Las <strong data-start=\"68\" data-end=\"97\">pol\u00edticas institucionales<\/strong> establecen las normas y principios que orientan las decisiones y acciones de la comunidad educativa. Sirven como marco para garantizar la calidad acad\u00e9mica, la \u00e9tica, la evaluaci\u00f3n y la gesti\u00f3n efectiva de la instituci\u00f3n. A continuaci\u00f3n, las mismas:<\/p>\t\t\t\t\t\t\t\t<\/div>\n\t\t\t\t\t<\/div>\n\t\t<\/div>\n\t\t\t\t<div class=\"elementor-column elementor-col-50 elementor-top-column elementor-element elementor-element-e4753a5\" data-id=\"e4753a5\" data-element_type=\"column\">\n\t\t\t<div class=\"elementor-widget-wrap elementor-element-populated\">\n\t\t\t\t\t\t<div class=\"elementor-element elementor-element-5a6e453 elementor-widget__width-auto elementor-widget elementor-widget-text-editor\" data-id=\"5a6e453\" data-element_type=\"widget\" data-widget_type=\"text-editor.default\">\n\t\t\t\t\t\t\t\t\t<p>\u00a0<\/p><ul><li>Pol\u00edtica de Admisi\u00f3n<\/li><li>Pol\u00edtica de Censo<\/li><li><a href=\"https:\/\/escueladesaludhsp.com\/wp-content\/uploads\/2026\/02\/Politica-de-Integridad-Academica-1.pdf\">Pol\u00edtica de Integridad Acad\u00e9mica<\/a><\/li><li><a href=\"https:\/\/escueladesaludhsp.com\/wp-content\/uploads\/2025\/10\/Policy-on-the-Responsible-Use-of-Artificial-Intelligence-AI.pdf\">Policy on the Responsible Use of Artificial Intelligence (AI)<\/a><\/li><li><a href=\"https:\/\/escueladesaludhsp.com\/wp-content\/uploads\/2025\/10\/Politica-de-Uso-de-Redes-Sociales-.pdf\">Pol\u00edtica de Uso de Redes Sociales<\/a><\/li><li><a href=\"https:\/\/escueladesaludhsp.com\/wp-content\/uploads\/2025\/10\/Politica-sobre-Derecho-de-AutorEscuela-de-Salud-HIMA-San-Pablo.pdf\">Pol\u00edtica sobre Derecho de Autor<\/a><\/li><li><a href=\"https:\/\/escueladesaludhsp.com\/wp-content\/uploads\/2025\/10\/Politica-sobre-uso-y-reproduccion-de-obras-y-uso-de-fotocopias.pdf\">Pol\u00edtica sobre uso y reproducci\u00f3n de obras y uso de fotocopias<\/a><\/li><li><a href=\"https:\/\/escueladesaludhsp.com\/wp-content\/uploads\/2025\/10\/Reglamento-de-Estudiantes-FEHSP-2025-pdf.pdf\">Reglamento de Estudiantes FEHSP 2025 pdf<\/a><\/li><li>Pol\u00edtica de Libre de Drogas, Alcohol y Tabaco<\/li><li>Pol\u00edtica de Acomodo Razonable<\/li><\/ul>\t\t\t\t\t\t\t\t<\/div>\n\t\t\t\t\t<\/div>\n\t\t<\/div>\n\t\t\t\t\t<\/div>\n\t\t<\/section>\n\t\t\t\t<section class=\"elementor-section elementor-top-section elementor-element elementor-element-4e7ca82 elementor-section-stretched elementor-section-full_width elementor-section-height-default elementor-section-height-default\" data-id=\"4e7ca82\" data-element_type=\"section\" data-settings=\"{&quot;stretch_section&quot;:&quot;section-stretched&quot;,&quot;background_background&quot;:&quot;classic&quot;}\">\n\t\t\t\t\t\t\t<div class=\"elementor-background-overlay\"><\/div>\n\t\t\t\t\t\t\t<div class=\"elementor-container elementor-column-gap-extended\">\n\t\t\t\t\t<div class=\"elementor-column elementor-col-100 elementor-top-column elementor-element elementor-element-1a2b129\" data-id=\"1a2b129\" data-element_type=\"column\">\n\t\t\t<div class=\"elementor-widget-wrap elementor-element-populated\">\n\t\t\t\t\t\t<div class=\"elementor-element elementor-element-40d100f elementor-widget elementor-widget-edumy_heading\" data-id=\"40d100f\" data-element_type=\"widget\" data-widget_type=\"edumy_heading.default\">\n\t\t\t\t<div class=\"elementor-widget-container\">\n\t\t\t\t\t<h2 class=\"edumy-heading-title edumy-size-default\">Mejora tus habilidades con <\/br>\nlos mejores cursos pr\u00e1cticos<\/h2>\t\t\t\t<\/div>\n\t\t\t\t<\/div>\n\t\t\t\t<div class=\"elementor-element elementor-element-393f7e2 elementor-align-center btn-outline elementor-widget elementor-widget-button\" data-id=\"393f7e2\" data-element_type=\"widget\" data-widget_type=\"button.default\">\n\t\t\t\t\t\t\t\t\t\t<a class=\"elementor-button elementor-button-link elementor-size-md\" href=\"https:\/\/escueladesaludhsp.com\/?page_id=4070\">\n\t\t\t\t\t\t<span class=\"elementor-button-content-wrapper\">\n\t\t\t\t\t\t\t\t\t<span class=\"elementor-button-text\">Comienza Ahora<\/span>\n\t\t\t\t\t<\/span>\n\t\t\t\t\t<\/a>\n\t\t\t\t\t\t\t\t<\/div>\n\t\t\t\t\t<\/div>\n\t\t<\/div>\n\t\t\t\t\t<\/div>\n\t\t<\/section>\n\t\t\t\t<\/div>\n\t\t","protected":false},"excerpt":{"rendered":"<p>Pol\u00edticas Institucionales Las pol\u00edticas institucionales establecen las normas y principios que orientan las decisiones y acciones de la comunidad educativa. Sirven como marco para garantizar la calidad acad\u00e9mica, la \u00e9tica, &hellip; <br \/><a href=\"https:\/\/escueladesaludhsp.com\/?page_id=4342\" class=\"more-link\">Continue reading <span class=\"screen-reader-text\">Pol\u00edticas Institucionales<\/span><\/a><\/p>\n","protected":false},"author":2,"featured_media":0,"parent":0,"menu_order":0,"comment_status":"closed","ping_status":"closed","template":"","meta":{"footnotes":""},"class_list":["post-4342","page","type-page","status-publish","hentry"],"_links":{"self":[{"href":"https:\/\/escueladesaludhsp.com\/index.php?rest_route=\/wp\/v2\/pages\/4342","targetHints":{"allow":["GET"]}}],"collection":[{"href":"https:\/\/escueladesaludhsp.com\/index.php?rest_route=\/wp\/v2\/pages"}],"about":[{"href":"https:\/\/escueladesaludhsp.com\/index.php?rest_route=\/wp\/v2\/types\/page"}],"author":[{"embeddable":true,"href":"https:\/\/escueladesaludhsp.com\/index.php?rest_route=\/wp\/v2\/users\/2"}],"replies":[{"embeddable":true,"href":"https:\/\/escueladesaludhsp.com\/index.php?rest_route=%2Fwp%2Fv2%2Fcomments&post=4342"}],"version-history":[{"count":24,"href":"https:\/\/escueladesaludhsp.com\/index.php?rest_route=\/wp\/v2\/pages\/4342\/revisions"}],"predecessor-version":[{"id":4456,"href":"https:\/\/escueladesaludhsp.com\/index.php?rest_route=\/wp\/v2\/pages\/4342\/revisions\/4456"}],"wp:attachment":[{"href":"https:\/\/escueladesaludhsp.com\/index.php?rest_route=%2Fwp%2Fv2%2Fmedia&parent=4342"}],"curies":[{"name":"wp","href":"https:\/\/api.w.org\/{rel}","templated":true}]}}