{"id":4297,"date":"2025-07-01T02:32:02","date_gmt":"2025-07-01T06:32:02","guid":{"rendered":"https:\/\/escueladesaludhsp.com\/?page_id=4297"},"modified":"2026-01-19T13:40:08","modified_gmt":"2026-01-19T17:40:08","slug":"politicas-institucionales-2","status":"publish","type":"page","link":"https:\/\/escueladesaludhsp.com\/?page_id=4297","title":{"rendered":"Informaci\u00f3n Estudiante Consumidor"},"content":{"rendered":"\t\t<div data-elementor-type=\"wp-post\" data-elementor-id=\"4297\" class=\"elementor elementor-4297\">\n\t\t\t\t\t\t<section class=\"elementor-section elementor-top-section elementor-element elementor-element-51b5fb0 elementor-section-stretched elementor-section-boxed elementor-section-height-default elementor-section-height-default\" data-id=\"51b5fb0\" data-element_type=\"section\" data-settings=\"{&quot;stretch_section&quot;:&quot;section-stretched&quot;}\">\n\t\t\t\t\t\t<div class=\"elementor-container elementor-column-gap-extended\">\n\t\t\t\t\t<div class=\"elementor-column elementor-col-50 elementor-top-column elementor-element elementor-element-371e747\" data-id=\"371e747\" data-element_type=\"column\">\n\t\t\t<div class=\"elementor-widget-wrap elementor-element-populated\">\n\t\t\t\t\t\t<div class=\"elementor-element elementor-element-9846b30 elementor-widget__width-initial elementor-widget elementor-widget-edumy_heading\" data-id=\"9846b30\" data-element_type=\"widget\" data-widget_type=\"edumy_heading.default\">\n\t\t\t\t<div class=\"elementor-widget-container\">\n\t\t\t\t\t<h2 class=\"edumy-heading-title edumy-size-default\">Informaci\u00f3n Estudiante Consumidor<\/h2>\t\t\t\t<\/div>\n\t\t\t\t<\/div>\n\t\t\t\t\t<\/div>\n\t\t<\/div>\n\t\t\t\t<div class=\"elementor-column elementor-col-50 elementor-top-column elementor-element elementor-element-e4753a5\" data-id=\"e4753a5\" data-element_type=\"column\">\n\t\t\t<div class=\"elementor-widget-wrap elementor-element-populated\">\n\t\t\t\t\t\t<div class=\"elementor-element elementor-element-5a6e453 elementor-widget elementor-widget-text-editor\" data-id=\"5a6e453\" data-element_type=\"widget\" data-widget_type=\"text-editor.default\">\n\t\t\t\t\t\t\t\t\t<p>Esta secci\u00f3n provee la <strong data-start=\"23\" data-end=\"64\">informaci\u00f3n del estudiante consumidor<\/strong>, conforme a los requisitos institucionales y federales. Aqu\u00ed encontrar\u00e1s datos esenciales sobre pol\u00edticas, servicios, seguridad, ayuda financiera y cumplimiento normativo, dise\u00f1ados para promover la <strong data-start=\"264\" data-end=\"311\">transparencia y el derecho a la informaci\u00f3n<\/strong> de toda la comunidad estudiantil.\u00a0A continuaci\u00f3n, las mismas:\u00a0<\/p><ul><li><a href=\"https:\/\/escueladesaludhsp.com\/wp-content\/uploads\/2025\/10\/PLAN-DE-SEGURIDAD-Y-CONTINGENCIA-2025-2026-pdf.pdf\">PLAN DE SEGURIDAD Y CONTINGENCIA 2025-2026 pdf<\/a><\/li><li>Pol\u00edtica de inmunizaci\u00f3n<\/li><li><a href=\"https:\/\/escueladesaludhsp.com\/?page_id=4342\">Pol\u00edticas institucionales<\/a><\/li><\/ul>\t\t\t\t\t\t\t\t<\/div>\n\t\t\t\t\t<\/div>\n\t\t<\/div>\n\t\t\t\t\t<\/div>\n\t\t<\/section>\n\t\t\t\t<section class=\"elementor-section elementor-top-section elementor-element elementor-element-4e7ca82 elementor-section-stretched elementor-section-full_width elementor-section-height-default elementor-section-height-default\" data-id=\"4e7ca82\" data-element_type=\"section\" data-settings=\"{&quot;stretch_section&quot;:&quot;section-stretched&quot;,&quot;background_background&quot;:&quot;classic&quot;}\">\n\t\t\t\t\t\t\t<div class=\"elementor-background-overlay\"><\/div>\n\t\t\t\t\t\t\t<div class=\"elementor-container elementor-column-gap-extended\">\n\t\t\t\t\t<div class=\"elementor-column elementor-col-100 elementor-top-column elementor-element elementor-element-1a2b129\" data-id=\"1a2b129\" data-element_type=\"column\">\n\t\t\t<div class=\"elementor-widget-wrap elementor-element-populated\">\n\t\t\t\t\t\t<div class=\"elementor-element elementor-element-40d100f elementor-widget elementor-widget-edumy_heading\" data-id=\"40d100f\" data-element_type=\"widget\" data-widget_type=\"edumy_heading.default\">\n\t\t\t\t<div class=\"elementor-widget-container\">\n\t\t\t\t\t<h2 class=\"edumy-heading-title edumy-size-default\">Mejora tus habilidades con <\/br>\nlos mejores cursos pr\u00e1cticos<\/h2>\t\t\t\t<\/div>\n\t\t\t\t<\/div>\n\t\t\t\t<div class=\"elementor-element elementor-element-393f7e2 elementor-align-center btn-outline elementor-widget elementor-widget-button\" data-id=\"393f7e2\" data-element_type=\"widget\" data-widget_type=\"button.default\">\n\t\t\t\t\t\t\t\t\t\t<a class=\"elementor-button elementor-button-link elementor-size-md\" href=\"https:\/\/escueladesaludhsp.com\/?page_id=4070\">\n\t\t\t\t\t\t<span class=\"elementor-button-content-wrapper\">\n\t\t\t\t\t\t\t\t\t<span class=\"elementor-button-text\">Comienza Ahora<\/span>\n\t\t\t\t\t<\/span>\n\t\t\t\t\t<\/a>\n\t\t\t\t\t\t\t\t<\/div>\n\t\t\t\t\t<\/div>\n\t\t<\/div>\n\t\t\t\t\t<\/div>\n\t\t<\/section>\n\t\t\t\t<\/div>\n\t\t","protected":false},"excerpt":{"rendered":"<p>Informaci\u00f3n Estudiante Consumidor Esta secci\u00f3n provee la informaci\u00f3n del estudiante consumidor, conforme a los requisitos institucionales y federales. Aqu\u00ed encontrar\u00e1s datos esenciales sobre pol\u00edticas, servicios, seguridad, ayuda financiera y cumplimiento &hellip; <br \/><a href=\"https:\/\/escueladesaludhsp.com\/?page_id=4297\" class=\"more-link\">Continue reading <span class=\"screen-reader-text\">Informaci\u00f3n Estudiante Consumidor<\/span><\/a><\/p>\n","protected":false},"author":1,"featured_media":0,"parent":0,"menu_order":0,"comment_status":"closed","ping_status":"closed","template":"","meta":{"footnotes":""},"class_list":["post-4297","page","type-page","status-publish","hentry"],"_links":{"self":[{"href":"https:\/\/escueladesaludhsp.com\/index.php?rest_route=\/wp\/v2\/pages\/4297","targetHints":{"allow":["GET"]}}],"collection":[{"href":"https:\/\/escueladesaludhsp.com\/index.php?rest_route=\/wp\/v2\/pages"}],"about":[{"href":"https:\/\/escueladesaludhsp.com\/index.php?rest_route=\/wp\/v2\/types\/page"}],"author":[{"embeddable":true,"href":"https:\/\/escueladesaludhsp.com\/index.php?rest_route=\/wp\/v2\/users\/1"}],"replies":[{"embeddable":true,"href":"https:\/\/escueladesaludhsp.com\/index.php?rest_route=%2Fwp%2Fv2%2Fcomments&post=4297"}],"version-history":[{"count":29,"href":"https:\/\/escueladesaludhsp.com\/index.php?rest_route=\/wp\/v2\/pages\/4297\/revisions"}],"predecessor-version":[{"id":4396,"href":"https:\/\/escueladesaludhsp.com\/index.php?rest_route=\/wp\/v2\/pages\/4297\/revisions\/4396"}],"wp:attachment":[{"href":"https:\/\/escueladesaludhsp.com\/index.php?rest_route=%2Fwp%2Fv2%2Fmedia&parent=4297"}],"curies":[{"name":"wp","href":"https:\/\/api.w.org\/{rel}","templated":true}]}}