{"id":4214,"date":"2025-07-01T02:32:02","date_gmt":"2025-07-01T06:32:02","guid":{"rendered":"https:\/\/escueladesaludhsp.com\/?page_id=4214"},"modified":"2026-04-06T21:09:37","modified_gmt":"2026-04-07T01:09:37","slug":"solicitud-becas","status":"publish","type":"page","link":"https:\/\/escueladesaludhsp.com\/?page_id=4214","title":{"rendered":"Solicitud de Becas"},"content":{"rendered":"\t\t<div data-elementor-type=\"wp-post\" data-elementor-id=\"4214\" class=\"elementor elementor-4214\">\n\t\t\t\t\t\t<section class=\"elementor-section elementor-top-section elementor-element elementor-element-51b5fb0 elementor-section-stretched elementor-section-boxed elementor-section-height-default elementor-section-height-default\" data-id=\"51b5fb0\" data-element_type=\"section\" data-settings=\"{&quot;stretch_section&quot;:&quot;section-stretched&quot;}\">\n\t\t\t\t\t\t<div class=\"elementor-container elementor-column-gap-extended\">\n\t\t\t\t\t<div class=\"elementor-column elementor-col-50 elementor-top-column elementor-element elementor-element-e4753a5\" data-id=\"e4753a5\" data-element_type=\"column\">\n\t\t\t<div class=\"elementor-widget-wrap elementor-element-populated\">\n\t\t\t\t\t\t<div class=\"elementor-element elementor-element-40e7a7f elementor-widget elementor-widget-image\" data-id=\"40e7a7f\" data-element_type=\"widget\" data-widget_type=\"image.default\">\n\t\t\t\t\t\t\t\t\t\t\t\t\t\t\t<img fetchpriority=\"high\" decoding=\"async\" width=\"660\" height=\"439\" src=\"https:\/\/escueladesaludhsp.com\/wp-content\/uploads\/2025\/09\/notebook-written-with-text-scholarship-education-2025-03-10-11-11-04-utc-1024x681.jpg\" class=\"attachment-large size-large wp-image-4252\" alt=\"\" srcset=\"https:\/\/escueladesaludhsp.com\/wp-content\/uploads\/2025\/09\/notebook-written-with-text-scholarship-education-2025-03-10-11-11-04-utc-1024x681.jpg 1024w, https:\/\/escueladesaludhsp.com\/wp-content\/uploads\/2025\/09\/notebook-written-with-text-scholarship-education-2025-03-10-11-11-04-utc-300x199.jpg 300w, https:\/\/escueladesaludhsp.com\/wp-content\/uploads\/2025\/09\/notebook-written-with-text-scholarship-education-2025-03-10-11-11-04-utc-768x511.jpg 768w, https:\/\/escueladesaludhsp.com\/wp-content\/uploads\/2025\/09\/notebook-written-with-text-scholarship-education-2025-03-10-11-11-04-utc-1536x1021.jpg 1536w, https:\/\/escueladesaludhsp.com\/wp-content\/uploads\/2025\/09\/notebook-written-with-text-scholarship-education-2025-03-10-11-11-04-utc-2048x1362.jpg 2048w\" sizes=\"(max-width: 660px) 100vw, 660px\" \/>\t\t\t\t\t\t\t\t\t\t\t\t\t\t\t<\/div>\n\t\t\t\t\t<\/div>\n\t\t<\/div>\n\t\t\t\t<div class=\"elementor-column elementor-col-50 elementor-top-column elementor-element elementor-element-371e747\" data-id=\"371e747\" data-element_type=\"column\">\n\t\t\t<div class=\"elementor-widget-wrap elementor-element-populated\">\n\t\t\t\t\t\t<div class=\"elementor-element elementor-element-9846b30 elementor-widget elementor-widget-edumy_heading\" data-id=\"9846b30\" data-element_type=\"widget\" data-widget_type=\"edumy_heading.default\">\n\t\t\t\t<div class=\"elementor-widget-container\">\n\t\t\t\t\t<h2 class=\"edumy-heading-title edumy-size-default\">Programa de Becas<\/h2>\t\t\t\t<\/div>\n\t\t\t\t<\/div>\n\t\t\t\t<div class=\"elementor-element elementor-element-e6d78db elementor-widget elementor-widget-text-editor\" data-id=\"e6d78db\" data-element_type=\"widget\" data-widget_type=\"text-editor.default\">\n\t\t\t\t\t\t\t\t\t<p>Con el fin de reducir parte de los altos costos de la educaci\u00f3n en el campo de la salud, y garantizar un n\u00famero constante y creciente de especialistas, el programa de becas se usa exclusivamente para ayudar econ\u00f3micamente a los m\u00e9dicos y profesionales de la salud en los programas de especialidades y sub-especialidades en los que se inscriben; y que tienen un inter\u00e9s en regresar o mantenerse trabajando en Puerto Rico por un periodo acordado..<\/p><p>La fundaci\u00f3n tiene el inter\u00e9s de desarrollar profesionales en las siguientes \u00e1reas: M\u00e9dicos en especialidades y sub-especialidades; Enfermeria en especialidades; Doctorado en Pr\u00e1ctica de Enfermer\u00eda; Maestr\u00eda de Pr\u00e1ctica Avanzada; Especialista Cl\u00ednico; Enfermera Obst\u00e9trica; Enfermera Anestesista; Nurse Practitioner; Certificados Post Bachillerato y Graduados; Educaci\u00f3n Continua Especializados&#8217;; Farmac\u00e9utico en especialidades y sub-especialidades.<\/p>\t\t\t\t\t\t\t\t<\/div>\n\t\t\t\t\t<\/div>\n\t\t<\/div>\n\t\t\t\t\t<\/div>\n\t\t<\/section>\n\t\t<div class=\"elementor-element elementor-element-9473d77 e-con-full e-flex e-con e-parent\" data-id=\"9473d77\" data-element_type=\"container\">\n\t\t<div class=\"elementor-element elementor-element-88ee3d4 e-con-full e-flex e-con e-child\" data-id=\"88ee3d4\" data-element_type=\"container\">\n\t\t\t\t<\/div>\n\t\t<div class=\"elementor-element elementor-element-56b379f e-con-full e-flex e-con e-child\" data-id=\"56b379f\" data-element_type=\"container\">\n\t\t\t\t<div class=\"elementor-element elementor-element-493938d elementor-widget__width-initial elementor-widget elementor-widget-shortcode\" data-id=\"493938d\" data-element_type=\"widget\" data-widget_type=\"shortcode.default\">\n\t\t\t\t\t\t\t<div class=\"elementor-shortcode\">\n<div class=\"wpcf7 no-js\" id=\"wpcf7-f4199-o1\" lang=\"en-US\" dir=\"ltr\" data-wpcf7-id=\"4199\">\n<div class=\"screen-reader-response\"><p role=\"status\" aria-live=\"polite\" aria-atomic=\"true\"><\/p> <ul><\/ul><\/div>\n<form action=\"\/index.php?rest_route=%2Fwp%2Fv2%2Fpages%2F4214#wpcf7-f4199-o1\" method=\"post\" class=\"wpcf7-form init\" aria-label=\"Contact form\" enctype=\"multipart\/form-data\" novalidate=\"novalidate\" data-status=\"init\">\n<fieldset class=\"hidden-fields-container\"><input type=\"hidden\" name=\"_wpcf7\" value=\"4199\" \/><input type=\"hidden\" name=\"_wpcf7_version\" value=\"6.1.4\" \/><input type=\"hidden\" name=\"_wpcf7_locale\" value=\"en_US\" \/><input type=\"hidden\" name=\"_wpcf7_unit_tag\" value=\"wpcf7-f4199-o1\" \/><input type=\"hidden\" name=\"_wpcf7_container_post\" value=\"0\" \/><input type=\"hidden\" name=\"_wpcf7_posted_data_hash\" value=\"\" \/>\n<\/fieldset>\n<h1>Datos del solicitante\n<\/h1>\n<p><label>Nombre:<br \/>\n<span class=\"wpcf7-form-control-wrap\" data-name=\"nombre\"><input size=\"40\" maxlength=\"400\" class=\"wpcf7-form-control wpcf7-text wpcf7-validates-as-required\" aria-required=\"true\" aria-invalid=\"false\" placeholder=\"Nombre completo*\" value=\"\" type=\"text\" name=\"nombre\" \/><\/span><\/label>\n<\/p>\n<p><label>Direcci\u00f3n:<\/label><br \/>\n<span class=\"wpcf7-form-control-wrap\" data-name=\"direccion-fisica\"><input size=\"40\" maxlength=\"400\" class=\"wpcf7-form-control wpcf7-text wpcf7-validates-as-required\" aria-required=\"true\" aria-invalid=\"false\" placeholder=\"Direcci\u00f3n f\u00edsica*\" value=\"\" type=\"text\" name=\"direccion-fisica\" \/><\/span><br \/>\n<span class=\"wpcf7-form-control-wrap\" data-name=\"direccion-postal\"><input size=\"40\" maxlength=\"400\" class=\"wpcf7-form-control wpcf7-text\" aria-invalid=\"false\" placeholder=\"Direcci\u00f3n postal\" value=\"\" type=\"text\" name=\"direccion-postal\" \/><\/span>\n<\/p>\n<p><label>Correo electr\u00f3nico:<br \/>\n<span class=\"wpcf7-form-control-wrap\" data-name=\"email\"><input size=\"40\" maxlength=\"400\" class=\"wpcf7-form-control wpcf7-email wpcf7-validates-as-required wpcf7-text wpcf7-validates-as-email\" aria-required=\"true\" aria-invalid=\"false\" placeholder=\"email@domain.com\" value=\"\" type=\"email\" name=\"email\" \/><\/span><\/label>\n<\/p>\n<p><label>Tel\u00e9fono:<br \/>\n<span class=\"wpcf7-form-control-wrap\" data-name=\"telefono\"><input size=\"40\" maxlength=\"400\" class=\"wpcf7-form-control wpcf7-tel wpcf7-validates-as-required wpcf7-text wpcf7-validates-as-tel\" aria-required=\"true\" aria-invalid=\"false\" placeholder=\"Tel\u00e9fono*\" value=\"\" type=\"tel\" name=\"telefono\" \/><\/span><\/label>\n<\/p>\n<h3>Licencia para ejercer en Puerto Rico\n<\/h3>\n<p><label>Profesi\u00f3n: <span class=\"wpcf7-form-control-wrap\" data-name=\"profesion-licencia\"><input size=\"40\" maxlength=\"400\" class=\"wpcf7-form-control wpcf7-text\" aria-invalid=\"false\" placeholder=\"Profesi\u00f3n\" value=\"\" type=\"text\" name=\"profesion-licencia\" \/><\/span><\/label><br \/>\n<label>Licencia: <span class=\"wpcf7-form-control-wrap\" data-name=\"numero-licencia\"><input size=\"40\" maxlength=\"400\" class=\"wpcf7-form-control wpcf7-text\" aria-invalid=\"false\" placeholder=\"N\u00famero de licencia\" value=\"\" type=\"text\" name=\"numero-licencia\" \/><\/span><\/label><br \/>\n<label>Fecha Expiraci\u00f3n: <span class=\"wpcf7-form-control-wrap\" data-name=\"fecha-expiracion\"><input class=\"wpcf7-form-control wpcf7-date wpcf7-validates-as-date\" aria-invalid=\"false\" placeholder=\"Fecha de expiraci\u00f3n\" value=\"\" type=\"date\" name=\"fecha-expiracion\" \/><\/span><\/label>\n<\/p>\n<h3>Programa a realizar\n<\/h3>\n<p><label> Programa*: <span class=\"wpcf7-form-control-wrap\" data-name=\"programa\"><select class=\"wpcf7-form-control wpcf7-select wpcf7-validates-as-required\" aria-required=\"true\" aria-invalid=\"false\" name=\"programa\"><option value=\"\">Fellowship<\/option><option value=\"Maestr\u00eda\">Maestr\u00eda<\/option><option value=\"Doctorado\">Doctorado<\/option><\/select><\/span><\/label>\n<\/p>\n<p><label> Horas \/ Cr\u00e9ditos: <\/label><br \/>\n<span class=\"wpcf7-form-control-wrap\" data-name=\"horas\"><input class=\"wpcf7-form-control wpcf7-number wpcf7-validates-as-number\" aria-invalid=\"false\" placeholder=\"Horas \/ Cr\u00e9ditos\" value=\"\" type=\"number\" name=\"horas\" \/><\/span>\n<\/p>\n<p><label> Periodo de estudio: <\/label><br \/>\n<span class=\"wpcf7-form-control-wrap\" data-name=\"periodo\"><input size=\"40\" maxlength=\"400\" class=\"wpcf7-form-control wpcf7-text\" aria-invalid=\"false\" placeholder=\"Periodo de estudio\" value=\"\" type=\"text\" name=\"periodo\" \/><\/span>\n<\/p>\n<h3>Concepto de Gastos de Estudio\n<\/h3>\n<p><span class=\"wpcf7-form-control-wrap\" data-name=\"creditos\"><input class=\"wpcf7-form-control wpcf7-number wpcf7-validates-as-number\" aria-invalid=\"false\" placeholder=\"Cr\u00e9ditos\" value=\"\" type=\"number\" name=\"creditos\" \/><\/span><br \/>\n<span class=\"wpcf7-form-control-wrap\" data-name=\"cuotas\"><input class=\"wpcf7-form-control wpcf7-number wpcf7-validates-as-number\" aria-invalid=\"false\" placeholder=\"Cuotas y Matr\u00edcula\" value=\"\" type=\"number\" name=\"cuotas\" \/><\/span><br \/>\n<span class=\"wpcf7-form-control-wrap\" data-name=\"estipendio\"><input class=\"wpcf7-form-control wpcf7-number wpcf7-validates-as-number\" aria-invalid=\"false\" placeholder=\"Estipendio \/ Otros\" value=\"\" type=\"number\" name=\"estipendio\" \/><\/span><br \/>\n<span class=\"wpcf7-form-control-wrap\" data-name=\"libros\"><input class=\"wpcf7-form-control wpcf7-number wpcf7-validates-as-number\" aria-invalid=\"false\" placeholder=\"Libros \/ Materiales\" value=\"\" type=\"number\" name=\"libros\" \/><\/span><br \/>\n<span class=\"wpcf7-form-control-wrap\" data-name=\"total\"><input class=\"wpcf7-form-control wpcf7-number wpcf7-validates-as-number\" aria-invalid=\"false\" placeholder=\"Total a Solicitar\" value=\"\" type=\"number\" name=\"total\" \/><\/span>\n<\/p>\n<h3>Evidencia requerida\n<\/h3>\n<p>Evidencia Admisi\u00f3n*: <span class=\"wpcf7-form-control-wrap\" data-name=\"evidencia\"><input size=\"40\" class=\"wpcf7-form-control wpcf7-file wpcf7-validates-as-required\" accept=\".pdf\" aria-required=\"true\" aria-invalid=\"false\" type=\"file\" name=\"evidencia\" \/><\/span><br \/>\nPrograma Acad\u00e9mico*: <span class=\"wpcf7-form-control-wrap\" data-name=\"programa-academico\"><input size=\"40\" class=\"wpcf7-form-control wpcf7-file wpcf7-validates-as-required\" accept=\".pdf\" aria-required=\"true\" aria-invalid=\"false\" type=\"file\" name=\"programa-academico\" \/><\/span><br \/>\nCurriculum*: <span class=\"wpcf7-form-control-wrap\" data-name=\"curriculum\"><input size=\"40\" class=\"wpcf7-form-control wpcf7-file wpcf7-validates-as-required\" accept=\".pdf\" aria-required=\"true\" aria-invalid=\"false\" type=\"file\" name=\"curriculum\" \/><\/span><br \/>\nCarta*: <span class=\"wpcf7-form-control-wrap\" data-name=\"carta\"><input size=\"40\" class=\"wpcf7-form-control wpcf7-file wpcf7-validates-as-required\" accept=\".pdf\" aria-required=\"true\" aria-invalid=\"false\" type=\"file\" name=\"carta\" \/><\/span>\n<\/p>\n<h3>Declaraci\u00f3n de certificaci\u00f3n\n<\/h3>\n<p><span class=\"wpcf7-form-control-wrap\" data-name=\"certifico\"><span class=\"wpcf7-form-control wpcf7-checkbox wpcf7-validates-as-required\"><span class=\"wpcf7-list-item first last\"><label><input type=\"checkbox\" name=\"certifico[]\" value=\"S\u00ed - Certifico que toda la informaci\u00f3n es veraz y completa. Entiendo que si no inicio o completo mis estudios, o no trabajo en Puerto Rico el tiempo requerido, debo devolver el total de la beca recibida.\" \/><span class=\"wpcf7-list-item-label\">S\u00ed - Certifico que toda la informaci\u00f3n es veraz y completa. Entiendo que si no inicio o completo mis estudios, o no trabajo en Puerto Rico el tiempo requerido, debo devolver el total de la beca recibida.<\/span><\/label><\/span><\/span><\/span>\n<\/p>\n<p><input class=\"wpcf7-form-control wpcf7-submit has-spinner\" type=\"submit\" value=\"Enviar solicitud\" \/>\n<\/p><div class=\"wpcf7-response-output\" aria-hidden=\"true\"><\/div>\n<\/form>\n<\/div>\n<\/div>\n\t\t\t\t\t\t<\/div>\n\t\t\t\t<\/div>\n\t\t<div class=\"elementor-element elementor-element-7e839b7 e-con-full e-flex e-con e-child\" data-id=\"7e839b7\" data-element_type=\"container\">\n\t\t<div class=\"elementor-element elementor-element-6ffccd7 e-con-full e-flex e-con e-child\" data-id=\"6ffccd7\" data-element_type=\"container\">\n\t\t\t\t<div class=\"elementor-element elementor-element-567bee1 elementor-widget elementor-widget-image\" data-id=\"567bee1\" data-element_type=\"widget\" data-widget_type=\"image.default\">\n\t\t\t\t\t\t\t\t\t\t\t\t\t\t\t<img decoding=\"async\" width=\"660\" height=\"660\" src=\"https:\/\/escueladesaludhsp.com\/wp-content\/uploads\/2025\/09\/its-our-weapon-to-change-the-future-2025-04-06-09-40-33-utc-1024x1024.jpg\" class=\"attachment-large size-large wp-image-4253\" alt=\"\" srcset=\"https:\/\/escueladesaludhsp.com\/wp-content\/uploads\/2025\/09\/its-our-weapon-to-change-the-future-2025-04-06-09-40-33-utc-1024x1024.jpg 1024w, https:\/\/escueladesaludhsp.com\/wp-content\/uploads\/2025\/09\/its-our-weapon-to-change-the-future-2025-04-06-09-40-33-utc-300x300.jpg 300w, https:\/\/escueladesaludhsp.com\/wp-content\/uploads\/2025\/09\/its-our-weapon-to-change-the-future-2025-04-06-09-40-33-utc-150x150.jpg 150w, https:\/\/escueladesaludhsp.com\/wp-content\/uploads\/2025\/09\/its-our-weapon-to-change-the-future-2025-04-06-09-40-33-utc-768x768.jpg 768w, https:\/\/escueladesaludhsp.com\/wp-content\/uploads\/2025\/09\/its-our-weapon-to-change-the-future-2025-04-06-09-40-33-utc-1536x1536.jpg 1536w, https:\/\/escueladesaludhsp.com\/wp-content\/uploads\/2025\/09\/its-our-weapon-to-change-the-future-2025-04-06-09-40-33-utc-2048x2048.jpg 2048w, https:\/\/escueladesaludhsp.com\/wp-content\/uploads\/2025\/09\/its-our-weapon-to-change-the-future-2025-04-06-09-40-33-utc-100x100.jpg 100w\" sizes=\"(max-width: 660px) 100vw, 660px\" \/>\t\t\t\t\t\t\t\t\t\t\t\t\t\t\t<\/div>\n\t\t\t\t<\/div>\n\t\t<div class=\"elementor-element elementor-element-ac550eb e-con-full e-flex e-con e-child\" data-id=\"ac550eb\" data-element_type=\"container\">\n\t\t\t\t<div class=\"elementor-element elementor-element-ae9828f elementor-widget elementor-widget-image\" data-id=\"ae9828f\" data-element_type=\"widget\" data-widget_type=\"image.default\">\n\t\t\t\t\t\t\t\t\t\t\t\t\t\t\t<img decoding=\"async\" width=\"660\" height=\"440\" src=\"https:\/\/escueladesaludhsp.com\/wp-content\/uploads\/2025\/09\/filling-scholarship-application-form-2024-12-04-15-11-31-utc-1024x683.jpg\" class=\"attachment-large size-large wp-image-4254\" alt=\"\" srcset=\"https:\/\/escueladesaludhsp.com\/wp-content\/uploads\/2025\/09\/filling-scholarship-application-form-2024-12-04-15-11-31-utc-1024x683.jpg 1024w, https:\/\/escueladesaludhsp.com\/wp-content\/uploads\/2025\/09\/filling-scholarship-application-form-2024-12-04-15-11-31-utc-300x200.jpg 300w, https:\/\/escueladesaludhsp.com\/wp-content\/uploads\/2025\/09\/filling-scholarship-application-form-2024-12-04-15-11-31-utc-768x512.jpg 768w, https:\/\/escueladesaludhsp.com\/wp-content\/uploads\/2025\/09\/filling-scholarship-application-form-2024-12-04-15-11-31-utc-1536x1024.jpg 1536w\" sizes=\"(max-width: 660px) 100vw, 660px\" \/>\t\t\t\t\t\t\t\t\t\t\t\t\t\t\t<\/div>\n\t\t\t\t<\/div>\n\t\t\t\t<\/div>\n\t\t\t\t<\/div>\n\t\t\t\t<section class=\"elementor-section elementor-top-section elementor-element elementor-element-4e7ca82 elementor-section-stretched elementor-section-full_width elementor-section-height-default elementor-section-height-default\" data-id=\"4e7ca82\" data-element_type=\"section\" data-settings=\"{&quot;stretch_section&quot;:&quot;section-stretched&quot;,&quot;background_background&quot;:&quot;classic&quot;}\">\n\t\t\t\t\t\t\t<div class=\"elementor-background-overlay\"><\/div>\n\t\t\t\t\t\t\t<div class=\"elementor-container elementor-column-gap-extended\">\n\t\t\t\t\t<div class=\"elementor-column elementor-col-100 elementor-top-column elementor-element elementor-element-1a2b129\" data-id=\"1a2b129\" data-element_type=\"column\">\n\t\t\t<div class=\"elementor-widget-wrap elementor-element-populated\">\n\t\t\t\t\t\t<div class=\"elementor-element elementor-element-47eca7a elementor-widget elementor-widget-edumy_heading\" data-id=\"47eca7a\" data-element_type=\"widget\" data-widget_type=\"edumy_heading.default\">\n\t\t\t\t<div class=\"elementor-widget-container\">\n\t\t\t\t\t<h2 class=\"edumy-heading-title edumy-size-default\">Comienza tu solicitud<\/h2>\t\t\t\t<\/div>\n\t\t\t\t<\/div>\n\t\t\t\t<div class=\"elementor-element elementor-element-40d100f elementor-widget elementor-widget-edumy_heading\" data-id=\"40d100f\" data-element_type=\"widget\" data-widget_type=\"edumy_heading.default\">\n\t\t\t\t<div class=\"elementor-widget-container\">\n\t\t\t\t\t<h2 class=\"edumy-heading-title edumy-size-default\">Mejora tus habilidades con <\/br>\nlos mejores cursos pr\u00e1cticos<\/h2>\t\t\t\t<\/div>\n\t\t\t\t<\/div>\n\t\t\t\t\t<\/div>\n\t\t<\/div>\n\t\t\t\t\t<\/div>\n\t\t<\/section>\n\t\t\t\t<\/div>\n\t\t","protected":false},"excerpt":{"rendered":"<p>Programa de Becas Con el fin de reducir parte de los altos costos de la educaci\u00f3n en el campo de la salud, y garantizar un n\u00famero constante y creciente de &hellip; <br \/><a href=\"https:\/\/escueladesaludhsp.com\/?page_id=4214\" class=\"more-link\">Continue reading <span class=\"screen-reader-text\">Solicitud de Becas<\/span><\/a><\/p>\n","protected":false},"author":1,"featured_media":0,"parent":0,"menu_order":0,"comment_status":"closed","ping_status":"closed","template":"","meta":{"footnotes":""},"class_list":["post-4214","page","type-page","status-publish","hentry"],"_links":{"self":[{"href":"https:\/\/escueladesaludhsp.com\/index.php?rest_route=\/wp\/v2\/pages\/4214","targetHints":{"allow":["GET"]}}],"collection":[{"href":"https:\/\/escueladesaludhsp.com\/index.php?rest_route=\/wp\/v2\/pages"}],"about":[{"href":"https:\/\/escueladesaludhsp.com\/index.php?rest_route=\/wp\/v2\/types\/page"}],"author":[{"embeddable":true,"href":"https:\/\/escueladesaludhsp.com\/index.php?rest_route=\/wp\/v2\/users\/1"}],"replies":[{"embeddable":true,"href":"https:\/\/escueladesaludhsp.com\/index.php?rest_route=%2Fwp%2Fv2%2Fcomments&post=4214"}],"version-history":[{"count":22,"href":"https:\/\/escueladesaludhsp.com\/index.php?rest_route=\/wp\/v2\/pages\/4214\/revisions"}],"predecessor-version":[{"id":4515,"href":"https:\/\/escueladesaludhsp.com\/index.php?rest_route=\/wp\/v2\/pages\/4214\/revisions\/4515"}],"wp:attachment":[{"href":"https:\/\/escueladesaludhsp.com\/index.php?rest_route=%2Fwp%2Fv2%2Fmedia&parent=4214"}],"curies":[{"name":"wp","href":"https:\/\/api.w.org\/{rel}","templated":true}]}}