{"id":4079,"date":"2025-07-01T02:32:02","date_gmt":"2025-07-01T06:32:02","guid":{"rendered":"https:\/\/escueladesaludhsp.com\/?page_id=4079"},"modified":"2025-09-19T16:13:08","modified_gmt":"2025-09-19T20:13:08","slug":"ayudas-economicas","status":"publish","type":"page","link":"https:\/\/escueladesaludhsp.com\/?page_id=4079","title":{"rendered":"Ayudas Econ\u00f3micas"},"content":{"rendered":"\t\t<div data-elementor-type=\"wp-post\" data-elementor-id=\"4079\" class=\"elementor elementor-4079\">\n\t\t\t\t\t\t<section class=\"elementor-section elementor-top-section elementor-element elementor-element-51b5fb0 elementor-section-stretched elementor-section-boxed elementor-section-height-default elementor-section-height-default\" data-id=\"51b5fb0\" data-element_type=\"section\" data-settings=\"{&quot;stretch_section&quot;:&quot;section-stretched&quot;}\">\n\t\t\t\t\t\t<div class=\"elementor-container elementor-column-gap-extended\">\n\t\t\t\t\t<div class=\"elementor-column elementor-col-50 elementor-top-column elementor-element elementor-element-e4753a5\" data-id=\"e4753a5\" data-element_type=\"column\">\n\t\t\t<div class=\"elementor-widget-wrap elementor-element-populated\">\n\t\t\t\t\t\t<div class=\"elementor-element elementor-element-db324ca elementor-widget elementor-widget-image\" data-id=\"db324ca\" data-element_type=\"widget\" data-widget_type=\"image.default\">\n\t\t\t\t\t\t\t\t\t\t\t\t\t\t\t<img fetchpriority=\"high\" decoding=\"async\" width=\"660\" height=\"476\" src=\"https:\/\/escueladesaludhsp.com\/wp-content\/uploads\/2025\/09\/female-hands-and-pink-ceramic-piggy-bank-accumula-2025-03-24-05-24-29-utc-1024x738.jpg\" class=\"attachment-large size-large wp-image-4264\" alt=\"\" srcset=\"https:\/\/escueladesaludhsp.com\/wp-content\/uploads\/2025\/09\/female-hands-and-pink-ceramic-piggy-bank-accumula-2025-03-24-05-24-29-utc-1024x738.jpg 1024w, https:\/\/escueladesaludhsp.com\/wp-content\/uploads\/2025\/09\/female-hands-and-pink-ceramic-piggy-bank-accumula-2025-03-24-05-24-29-utc-300x216.jpg 300w, https:\/\/escueladesaludhsp.com\/wp-content\/uploads\/2025\/09\/female-hands-and-pink-ceramic-piggy-bank-accumula-2025-03-24-05-24-29-utc-768x554.jpg 768w, https:\/\/escueladesaludhsp.com\/wp-content\/uploads\/2025\/09\/female-hands-and-pink-ceramic-piggy-bank-accumula-2025-03-24-05-24-29-utc-1536x1107.jpg 1536w, https:\/\/escueladesaludhsp.com\/wp-content\/uploads\/2025\/09\/female-hands-and-pink-ceramic-piggy-bank-accumula-2025-03-24-05-24-29-utc-2048x1476.jpg 2048w\" sizes=\"(max-width: 660px) 100vw, 660px\" \/>\t\t\t\t\t\t\t\t\t\t\t\t\t\t\t<\/div>\n\t\t\t\t\t<\/div>\n\t\t<\/div>\n\t\t\t\t<div class=\"elementor-column elementor-col-50 elementor-top-column elementor-element elementor-element-371e747\" data-id=\"371e747\" data-element_type=\"column\">\n\t\t\t<div class=\"elementor-widget-wrap elementor-element-populated\">\n\t\t\t\t\t\t<div class=\"elementor-element elementor-element-9846b30 elementor-widget elementor-widget-edumy_heading\" data-id=\"9846b30\" data-element_type=\"widget\" data-widget_type=\"edumy_heading.default\">\n\t\t\t\t<div class=\"elementor-widget-container\">\n\t\t\t\t\t<h2 class=\"edumy-heading-title edumy-size-default\">Ayudas Econ\u00f3micas<\/h2>\t\t\t\t<\/div>\n\t\t\t\t<\/div>\n\t\t\t\t<div class=\"elementor-element elementor-element-e6d78db elementor-widget elementor-widget-text-editor\" data-id=\"e6d78db\" data-element_type=\"widget\" data-widget_type=\"text-editor.default\">\n\t\t\t\t\t\t\t\t\t<p>\u00bfQu\u00e9 son las ayudas econ\u00f3micas?<\/p><p>La ayuda econ\u00f3mica a nivel superior consiste en fondos ofrecidos por el gobierno, instituciones educativas o entidades privadas para apoyar a estudiantes universitarios con los costos de matr\u00edcula, libros y otros gastos relacionados con su educaci\u00f3n. Esta ayuda puede ser en forma de becas, subvenciones, pr\u00e9stamos o programas de estudio y trabajo. Su objetivo es facilitar el acceso y la permanencia en la educaci\u00f3n postsecundaria, especialmente para quienes enfrentan limitaciones econ\u00f3micas.<\/p>\t\t\t\t\t\t\t\t<\/div>\n\t\t\t\t\t<\/div>\n\t\t<\/div>\n\t\t\t\t\t<\/div>\n\t\t<\/section>\n\t\t\t\t<section class=\"elementor-section elementor-top-section elementor-element elementor-element-6a45798 elementor-section-stretched elementor-section-boxed elementor-section-height-default elementor-section-height-default\" data-id=\"6a45798\" data-element_type=\"section\" data-settings=\"{&quot;stretch_section&quot;:&quot;section-stretched&quot;}\">\n\t\t\t\t\t\t<div class=\"elementor-container elementor-column-gap-extended\">\n\t\t\t\t\t<div class=\"elementor-column elementor-col-33 elementor-top-column elementor-element elementor-element-2ab563c\" data-id=\"2ab563c\" data-element_type=\"column\">\n\t\t\t<div class=\"elementor-widget-wrap\">\n\t\t\t\t\t\t\t<\/div>\n\t\t<\/div>\n\t\t\t\t<div class=\"elementor-column elementor-col-33 elementor-top-column elementor-element elementor-element-56d7657\" data-id=\"56d7657\" data-element_type=\"column\">\n\t\t\t<div class=\"elementor-widget-wrap\">\n\t\t\t\t\t\t\t<\/div>\n\t\t<\/div>\n\t\t\t\t<div class=\"elementor-column elementor-col-33 elementor-top-column elementor-element elementor-element-0a96a4a\" data-id=\"0a96a4a\" data-element_type=\"column\">\n\t\t\t<div class=\"elementor-widget-wrap\">\n\t\t\t\t\t\t\t<\/div>\n\t\t<\/div>\n\t\t\t\t\t<\/div>\n\t\t<\/section>\n\t\t\t\t<section class=\"elementor-section elementor-top-section elementor-element elementor-element-4e7ca82 elementor-section-stretched elementor-section-full_width elementor-section-height-default elementor-section-height-default\" data-id=\"4e7ca82\" data-element_type=\"section\" data-settings=\"{&quot;stretch_section&quot;:&quot;section-stretched&quot;,&quot;background_background&quot;:&quot;classic&quot;}\">\n\t\t\t\t\t\t\t<div class=\"elementor-background-overlay\"><\/div>\n\t\t\t\t\t\t\t<div class=\"elementor-container elementor-column-gap-extended\">\n\t\t\t\t\t<div class=\"elementor-column elementor-col-100 elementor-top-column elementor-element elementor-element-1a2b129\" data-id=\"1a2b129\" data-element_type=\"column\">\n\t\t\t<div class=\"elementor-widget-wrap elementor-element-populated\">\n\t\t\t\t\t\t<div class=\"elementor-element elementor-element-47eca7a elementor-widget elementor-widget-edumy_heading\" data-id=\"47eca7a\" data-element_type=\"widget\" data-widget_type=\"edumy_heading.default\">\n\t\t\t\t<div class=\"elementor-widget-container\">\n\t\t\t\t\t<h2 class=\"edumy-heading-title edumy-size-default\">Comienza tu solicitud<\/h2>\t\t\t\t<\/div>\n\t\t\t\t<\/div>\n\t\t\t\t<div class=\"elementor-element elementor-element-40d100f elementor-widget elementor-widget-edumy_heading\" data-id=\"40d100f\" data-element_type=\"widget\" data-widget_type=\"edumy_heading.default\">\n\t\t\t\t<div class=\"elementor-widget-container\">\n\t\t\t\t\t<h2 class=\"edumy-heading-title edumy-size-default\">Mejora tus habilidades con <\/br>\nlos mejores cursos pr\u00e1cticos<\/h2>\t\t\t\t<\/div>\n\t\t\t\t<\/div>\n\t\t\t\t<div class=\"elementor-element elementor-element-393f7e2 elementor-align-center btn-outline elementor-widget elementor-widget-button\" data-id=\"393f7e2\" data-element_type=\"widget\" data-widget_type=\"button.default\">\n\t\t\t\t\t\t\t\t\t\t<a class=\"elementor-button elementor-button-link elementor-size-md\" href=\"https:\/\/escueladesaludhsp.com\/?page_id=4214\">\n\t\t\t\t\t\t<span class=\"elementor-button-content-wrapper\">\n\t\t\t\t\t\t\t\t\t<span class=\"elementor-button-text\">Solicittud de Becas<\/span>\n\t\t\t\t\t<\/span>\n\t\t\t\t\t<\/a>\n\t\t\t\t\t\t\t\t<\/div>\n\t\t\t\t\t<\/div>\n\t\t<\/div>\n\t\t\t\t\t<\/div>\n\t\t<\/section>\n\t\t\t\t<\/div>\n\t\t","protected":false},"excerpt":{"rendered":"<p>Ayudas Econ\u00f3micas \u00bfQu\u00e9 son las ayudas econ\u00f3micas? La ayuda econ\u00f3mica a nivel superior consiste en fondos ofrecidos por el gobierno, instituciones educativas o entidades privadas para apoyar a estudiantes universitarios &hellip; <br \/><a href=\"https:\/\/escueladesaludhsp.com\/?page_id=4079\" class=\"more-link\">Continue reading <span class=\"screen-reader-text\">Ayudas Econ\u00f3micas<\/span><\/a><\/p>\n","protected":false},"author":1,"featured_media":0,"parent":0,"menu_order":0,"comment_status":"closed","ping_status":"closed","template":"","meta":{"footnotes":""},"class_list":["post-4079","page","type-page","status-publish","hentry"],"_links":{"self":[{"href":"https:\/\/escueladesaludhsp.com\/index.php?rest_route=\/wp\/v2\/pages\/4079","targetHints":{"allow":["GET"]}}],"collection":[{"href":"https:\/\/escueladesaludhsp.com\/index.php?rest_route=\/wp\/v2\/pages"}],"about":[{"href":"https:\/\/escueladesaludhsp.com\/index.php?rest_route=\/wp\/v2\/types\/page"}],"author":[{"embeddable":true,"href":"https:\/\/escueladesaludhsp.com\/index.php?rest_route=\/wp\/v2\/users\/1"}],"replies":[{"embeddable":true,"href":"https:\/\/escueladesaludhsp.com\/index.php?rest_route=%2Fwp%2Fv2%2Fcomments&post=4079"}],"version-history":[{"count":17,"href":"https:\/\/escueladesaludhsp.com\/index.php?rest_route=\/wp\/v2\/pages\/4079\/revisions"}],"predecessor-version":[{"id":4274,"href":"https:\/\/escueladesaludhsp.com\/index.php?rest_route=\/wp\/v2\/pages\/4079\/revisions\/4274"}],"wp:attachment":[{"href":"https:\/\/escueladesaludhsp.com\/index.php?rest_route=%2Fwp%2Fv2%2Fmedia&parent=4079"}],"curies":[{"name":"wp","href":"https:\/\/api.w.org\/{rel}","templated":true}]}}