{"id":4070,"date":"2025-07-01T02:32:02","date_gmt":"2025-07-01T06:32:02","guid":{"rendered":"https:\/\/escueladesaludhsp.com\/?page_id=4070"},"modified":"2025-09-19T15:38:42","modified_gmt":"2025-09-19T19:38:42","slug":"requisitos","status":"publish","type":"page","link":"https:\/\/escueladesaludhsp.com\/?page_id=4070","title":{"rendered":"Requisitos"},"content":{"rendered":"\t\t<div data-elementor-type=\"wp-post\" data-elementor-id=\"4070\" class=\"elementor elementor-4070\">\n\t\t\t\t\t\t<section class=\"elementor-section elementor-top-section elementor-element elementor-element-51b5fb0 elementor-section-stretched elementor-section-boxed elementor-section-height-default elementor-section-height-default\" data-id=\"51b5fb0\" data-element_type=\"section\" data-settings=\"{&quot;stretch_section&quot;:&quot;section-stretched&quot;}\">\n\t\t\t\t\t\t<div class=\"elementor-container elementor-column-gap-extended\">\n\t\t\t\t\t<div class=\"elementor-column elementor-col-50 elementor-top-column elementor-element elementor-element-371e747\" data-id=\"371e747\" data-element_type=\"column\">\n\t\t\t<div class=\"elementor-widget-wrap elementor-element-populated\">\n\t\t\t\t\t\t<div class=\"elementor-element elementor-element-9846b30 elementor-widget__width-initial elementor-widget elementor-widget-edumy_heading\" data-id=\"9846b30\" data-element_type=\"widget\" data-widget_type=\"edumy_heading.default\">\n\t\t\t\t<div class=\"elementor-widget-container\">\n\t\t\t\t\t<h2 class=\"edumy-heading-title edumy-size-default\">Programa de Maestr\u00eda en Nurse Practitioner en Cuidado  Agudo Gerontolog\u00eda - Adultos<\/h2>\t\t\t\t<\/div>\n\t\t\t\t<\/div>\n\t\t<div class=\"elementor-element elementor-element-4d14e1a e-con-full e-flex e-con e-parent\" data-id=\"4d14e1a\" data-element_type=\"container\">\n\t\t\t\t<div class=\"elementor-element elementor-element-6f51a52 elementor-widget elementor-widget-text-editor\" data-id=\"6f51a52\" data-element_type=\"widget\" data-widget_type=\"text-editor.default\">\n\t\t\t\t\t\t\t\t\t<p><strong>Requisitos:<\/strong><br \/>1. Completar la Solicitud de Admisi\u00f3n y pagar la cuota de admisi\u00f3n.<br \/>2. Presentar una declaraci\u00f3n de intenciones e inter\u00e9s en el programa.<br \/>3. Proporcionar una transcripci\u00f3n oficial que demuestre la finalizaci\u00f3n de una licenciatura en enfermer\u00eda con un GPA acumulativo de 3.00 o superior en los \u00faltimos sesenta (60) cr\u00e9ditos.<br \/>4. Presentar un curr\u00edculum profesional que demuestre al menos dos a\u00f1os de experiencia en cuidados intensivos.<br \/>5. Presentar dos cartas de recomendaci\u00f3n: una de un profesor y otra de un supervisor.<br \/>6. Presentar prueba de empleo.<br \/>7. Asistir a una entrevista.<br \/>8. Estar en posesi\u00f3n de la licencia general de enfermer\u00eda en vigor.<br \/>9. Aportar certificado de salud.<br \/>10. Presentar comprobante de vacunaci\u00f3n contra Influenza y Hepatitis B.<\/p><p><br \/><strong>Proceso de solicitud de admisi\u00f3n:<\/strong><br \/>1. Los candidatos deben presentar todos los documentos requeridos de acuerdo a su programa de inter\u00e9s.<br \/>2. La Oficina de Admisiones organizar\u00e1 los expedientes y los remitir\u00e1 al Comit\u00e9 de Evaluaci\u00f3n para su revisi\u00f3n y recomendaci\u00f3n.<br \/>3. Los candidatos recomendados por el comit\u00e9 recibir\u00e1n una invitaci\u00f3n para una entrevista.<br \/>4. La Oficina de Admisiones notificar\u00e1 a cada candidato la decisi\u00f3n del comit\u00e9 por correo electr\u00f3nico.<\/p><p><br \/>La instituci\u00f3n se reserva el derecho de rechazar a cualquier candidato. Se supone que toda la informaci\u00f3n proporcionada por los estudiantes es veraz y completa. A los estudiantes que presenten informaci\u00f3n falsificada se les podr\u00e1 cancelar la admisi\u00f3n y la matr\u00edcula, y se les podr\u00e1n revocar los cr\u00e9ditos aprobados.<\/p><p><br \/><strong>Matr\u00edcula condicional:<\/strong><br \/>Los alumnos que no puedan obtener alguno de los documentos oficiales exigidos por la Instituci\u00f3n para completar el proceso de admisi\u00f3n ser\u00e1n considerados para matr\u00edcula condicional si acreditan haber solicitado dichos documentos. Los alumnos admitidos provisionalmente dispondr\u00e1n de treinta (30) d\u00edas naturales desde la fecha de admisi\u00f3n para presentar los documentos requeridos. Los estudiantes que no cumplan al final de este per\u00edodo ser\u00e1n dados de baja.<\/p><p><br \/><strong>Requisitos adicionales:<\/strong><br \/>Los estudiantes admitidos deber\u00e1n completar los siguientes requisitos durante su primer trimestre acad\u00e9mico:<br \/>1. Certificado RCP<br \/>2. Certificado ACLS<br \/>3. Curso de Cuidados Cr\u00edticos (opcional)<br \/>El incumplimiento de estos requisitos al final del trimestre dar\u00e1 lugar a una retenci\u00f3n de matr\u00edcula para el siguiente trimestre acad\u00e9mico.<\/p><p>\u00a0<\/p>\t\t\t\t\t\t\t\t<\/div>\n\t\t\t\t<\/div>\n\t\t\t\t\t<\/div>\n\t\t<\/div>\n\t\t\t\t<div class=\"elementor-column elementor-col-50 elementor-top-column elementor-element elementor-element-e4753a5\" data-id=\"e4753a5\" data-element_type=\"column\">\n\t\t\t<div class=\"elementor-widget-wrap elementor-element-populated\">\n\t\t\t\t\t\t<div class=\"elementor-element elementor-element-04a8da7 elementor-widget elementor-widget-image\" data-id=\"04a8da7\" data-element_type=\"widget\" data-widget_type=\"image.default\">\n\t\t\t\t\t\t\t\t\t\t\t\t\t\t\t<img decoding=\"async\" src=\"https:\/\/escueladesaludhsp.com\/wp-content\/uploads\/elementor\/thumbs\/back-view-of-doctor-hand-hold-stethoscope-with-blu-2024-10-17-08-31-29-utc-scaled-rc01atiy8nibebmc2xkuag5ktm77zk0wcel99bm3fq.jpg\" title=\"back view of doctor hand hold stethoscope with blur background\" alt=\"back view of doctor hand hold stethoscope with blur background and copy space\" loading=\"lazy\" \/>\t\t\t\t\t\t\t\t\t\t\t\t\t\t\t<\/div>\n\t\t<div class=\"elementor-element elementor-element-129af1e e-flex e-con-boxed e-con e-parent\" data-id=\"129af1e\" data-element_type=\"container\">\n\t\t\t\t\t<div class=\"e-con-inner\">\n\t\t\t\t<div class=\"elementor-element elementor-element-ca4b574 elementor-widget elementor-widget-text-editor\" data-id=\"ca4b574\" data-element_type=\"widget\" data-widget_type=\"text-editor.default\">\n\t\t\t\t\t\t\t\t\t<h6>Informaci\u00f3n de contacto<br \/><br \/>Correo electr\u00f3nico:<br \/>admisiones@escueladesaludhsp.com<br \/><br \/>Tel\u00e9fono:<br \/>(787) 436-8487 <br \/>(939) 225-6160<br \/><br \/>Direcci\u00f3n:<br \/>Escuela de Salud HIMA\u2022San Pablo<br \/>P.O. Box 4980 Caguas, PR 00726<\/h6>\t\t\t\t\t\t\t\t<\/div>\n\t\t\t\t<div class=\"elementor-element elementor-element-5cb490d elementor-widget elementor-widget-shortcode\" data-id=\"5cb490d\" data-element_type=\"widget\" data-widget_type=\"shortcode.default\">\n\t\t\t\t\t\t\t<div class=\"elementor-shortcode\">\n<div class=\"wpcf7 no-js\" id=\"wpcf7-f285-o1\" lang=\"en-US\" dir=\"ltr\" data-wpcf7-id=\"285\">\n<div class=\"screen-reader-response\"><p role=\"status\" aria-live=\"polite\" aria-atomic=\"true\"><\/p> <ul><\/ul><\/div>\n<form action=\"\/index.php?rest_route=%2Fwp%2Fv2%2Fpages%2F4070#wpcf7-f285-o1\" method=\"post\" class=\"wpcf7-form init\" aria-label=\"Contact form\" novalidate=\"novalidate\" data-status=\"init\">\n<fieldset class=\"hidden-fields-container\"><input type=\"hidden\" name=\"_wpcf7\" value=\"285\" \/><input type=\"hidden\" name=\"_wpcf7_version\" value=\"6.1.4\" \/><input type=\"hidden\" name=\"_wpcf7_locale\" value=\"en_US\" \/><input type=\"hidden\" name=\"_wpcf7_unit_tag\" value=\"wpcf7-f285-o1\" \/><input type=\"hidden\" name=\"_wpcf7_container_post\" value=\"0\" \/><input type=\"hidden\" name=\"_wpcf7_posted_data_hash\" value=\"\" \/>\n<\/fieldset>\n<p><label> Nombre (requerido)<br \/>\n<span class=\"wpcf7-form-control-wrap\" data-name=\"your-name\"><input size=\"40\" maxlength=\"400\" class=\"wpcf7-form-control wpcf7-text wpcf7-validates-as-required\" aria-required=\"true\" aria-invalid=\"false\" value=\"\" type=\"text\" name=\"your-name\" \/><\/span> <\/label>\n<\/p>\n<p><label> Email (requerido)<br \/>\n<span class=\"wpcf7-form-control-wrap\" data-name=\"your-email\"><input size=\"40\" maxlength=\"400\" class=\"wpcf7-form-control wpcf7-email wpcf7-validates-as-required wpcf7-text wpcf7-validates-as-email\" aria-required=\"true\" aria-invalid=\"false\" value=\"\" type=\"email\" name=\"your-email\" \/><\/span> <\/label>\n<\/p>\n<p><label> Asunto<br \/>\n<span class=\"wpcf7-form-control-wrap\" data-name=\"your-subject\"><input size=\"40\" maxlength=\"400\" class=\"wpcf7-form-control wpcf7-text\" aria-invalid=\"false\" value=\"\" type=\"text\" name=\"your-subject\" \/><\/span> <\/label>\n<\/p>\n<p><label> Mensaje<br \/>\n<span class=\"wpcf7-form-control-wrap\" data-name=\"your-message\"><textarea cols=\"40\" rows=\"10\" maxlength=\"2000\" class=\"wpcf7-form-control wpcf7-textarea\" aria-invalid=\"false\" name=\"your-message\"><\/textarea><\/span> <\/label>\n<\/p>\n<p><input class=\"wpcf7-form-control wpcf7-submit has-spinner\" type=\"submit\" value=\"Enviar\" \/>\n<\/p><div class=\"wpcf7-response-output\" aria-hidden=\"true\"><\/div>\n<\/form>\n<\/div>\n<\/div>\n\t\t\t\t\t\t<\/div>\n\t\t\t\t\t<\/div>\n\t\t\t\t<\/div>\n\t\t\t\t\t<\/div>\n\t\t<\/div>\n\t\t\t\t\t<\/div>\n\t\t<\/section>\n\t\t\t\t<section class=\"elementor-section elementor-top-section elementor-element elementor-element-4e7ca82 elementor-section-stretched elementor-section-full_width elementor-section-height-default elementor-section-height-default\" data-id=\"4e7ca82\" data-element_type=\"section\" data-settings=\"{&quot;stretch_section&quot;:&quot;section-stretched&quot;,&quot;background_background&quot;:&quot;classic&quot;}\">\n\t\t\t\t\t\t\t<div class=\"elementor-background-overlay\"><\/div>\n\t\t\t\t\t\t\t<div class=\"elementor-container elementor-column-gap-extended\">\n\t\t\t\t\t<div class=\"elementor-column elementor-col-100 elementor-top-column elementor-element elementor-element-1a2b129\" data-id=\"1a2b129\" data-element_type=\"column\">\n\t\t\t<div class=\"elementor-widget-wrap elementor-element-populated\">\n\t\t\t\t\t\t<div class=\"elementor-element elementor-element-40d100f elementor-widget elementor-widget-edumy_heading\" data-id=\"40d100f\" data-element_type=\"widget\" data-widget_type=\"edumy_heading.default\">\n\t\t\t\t<div class=\"elementor-widget-container\">\n\t\t\t\t\t<h2 class=\"edumy-heading-title edumy-size-default\">Mejora tus habilidades con <\/br>\nlos mejores cursos pr\u00e1cticos<\/h2>\t\t\t\t<\/div>\n\t\t\t\t<\/div>\n\t\t\t\t<div class=\"elementor-element elementor-element-393f7e2 elementor-align-center btn-outline elementor-widget elementor-widget-button\" data-id=\"393f7e2\" data-element_type=\"widget\" data-widget_type=\"button.default\">\n\t\t\t\t\t\t\t\t\t\t<a class=\"elementor-button elementor-button-link elementor-size-md\" href=\"https:\/\/escueladesaludhsp.com\/?page_id=4070\">\n\t\t\t\t\t\t<span class=\"elementor-button-content-wrapper\">\n\t\t\t\t\t\t\t\t\t<span class=\"elementor-button-text\">Comienza Ahora<\/span>\n\t\t\t\t\t<\/span>\n\t\t\t\t\t<\/a>\n\t\t\t\t\t\t\t\t<\/div>\n\t\t\t\t\t<\/div>\n\t\t<\/div>\n\t\t\t\t\t<\/div>\n\t\t<\/section>\n\t\t\t\t<\/div>\n\t\t","protected":false},"excerpt":{"rendered":"<p>Programa de Maestr\u00eda en Nurse Practitioner en Cuidado Agudo Gerontolog\u00eda &#8211; Adultos Requisitos:1. Completar la Solicitud de Admisi\u00f3n y pagar la cuota de admisi\u00f3n.2. Presentar una declaraci\u00f3n de intenciones e &hellip; <br \/><a href=\"https:\/\/escueladesaludhsp.com\/?page_id=4070\" class=\"more-link\">Continue reading <span class=\"screen-reader-text\">Requisitos<\/span><\/a><\/p>\n","protected":false},"author":1,"featured_media":0,"parent":0,"menu_order":0,"comment_status":"closed","ping_status":"closed","template":"","meta":{"footnotes":""},"class_list":["post-4070","page","type-page","status-publish","hentry"],"_links":{"self":[{"href":"https:\/\/escueladesaludhsp.com\/index.php?rest_route=\/wp\/v2\/pages\/4070","targetHints":{"allow":["GET"]}}],"collection":[{"href":"https:\/\/escueladesaludhsp.com\/index.php?rest_route=\/wp\/v2\/pages"}],"about":[{"href":"https:\/\/escueladesaludhsp.com\/index.php?rest_route=\/wp\/v2\/types\/page"}],"author":[{"embeddable":true,"href":"https:\/\/escueladesaludhsp.com\/index.php?rest_route=\/wp\/v2\/users\/1"}],"replies":[{"embeddable":true,"href":"https:\/\/escueladesaludhsp.com\/index.php?rest_route=%2Fwp%2Fv2%2Fcomments&post=4070"}],"version-history":[{"count":13,"href":"https:\/\/escueladesaludhsp.com\/index.php?rest_route=\/wp\/v2\/pages\/4070\/revisions"}],"predecessor-version":[{"id":4250,"href":"https:\/\/escueladesaludhsp.com\/index.php?rest_route=\/wp\/v2\/pages\/4070\/revisions\/4250"}],"wp:attachment":[{"href":"https:\/\/escueladesaludhsp.com\/index.php?rest_route=%2Fwp%2Fv2%2Fmedia&parent=4070"}],"curies":[{"name":"wp","href":"https:\/\/api.w.org\/{rel}","templated":true}]}}