{"id":4046,"date":"2025-07-01T02:32:02","date_gmt":"2025-07-01T06:32:02","guid":{"rendered":"https:\/\/escueladesaludhsp.com\/?page_id=4046"},"modified":"2026-01-17T11:56:14","modified_gmt":"2026-01-17T15:56:14","slug":"secuencial","status":"publish","type":"page","link":"https:\/\/escueladesaludhsp.com\/?page_id=4046","title":{"rendered":"Secuencial Curricular"},"content":{"rendered":"<h2>Maestr\u00eda en Nurse Practitioner en Cuidado Agudo en Gerontolog\u00eda-Adulto<\/h2>\n<p>Descripci\u00f3n:<\/p>\n<p>El programa desarrolla enfermeros a nivel de maestr\u00eda para proporcionar atenci\u00f3n especializada de pr\u00e1ctica avanzada para trabajar en colaboraci\u00f3n directa con m\u00e9dicos, en el tratamiento y direcci\u00f3n del proceso de atenci\u00f3n a pacientes adultos y geri\u00e1tricos con problemas cr\u00f3nicos, agudos y potencialmente mortales, incluyendo aquellos en \u00e1reas hospitalarias, de cuidados intensivos y en soporte vital en diversos escenarios en Puerto Rico.\u00a0<\/p>\n<p>\t\t\t\t\t\t\t\t\t\t\t\t\t<img decoding=\"async\" src=\"https:\/\/escueladesaludhsp.com\/wp-content\/uploads\/elementor\/thumbs\/doctor-reading-a-patients-medical-chart-2025-02-10-12-38-47-utc-scaled-rc00et4thros0e4903g8diygj7z7umxz9yryw32rc6.jpg\" title=\"Doctor reading a patients medical chart\" alt=\"Doctor reading a patients medical chart\" loading=\"lazy\" \/>\t\t\t\t\t\t\t\t\t\t\t\t\t<\/p>\n<p>El programa provee la formaci\u00f3n de enfermeros en Nurse Practitioner de Cuidado Agudo en Gerontolog\u00eda-Adulto que puedan tratar a los pacientes con s\u00edntomas no diferenciados, as\u00ed como aquellos con diagn\u00f3sticos establecidos y bajo investigaci\u00f3n; podr\u00e1 ordenar pruebas diagn\u00f3sticas con el prop\u00f3sito de formular diagn\u00f3sticos cl\u00ednicos; ordenar tratamientos no- farmacol\u00f3gicos y establecer el plan de tratamiento de acuerdo con las necesidades de los pacientes.<\/p>\n<p>El enfermero Nurse Practitioner en Cuidado Agudo en Gerontolog\u00eda-Adulto se desempe\u00f1ar\u00e1 con respeto, disposici\u00f3n y claridad en la evaluaci\u00f3n, investigaci\u00f3n y prestaci\u00f3n de servicios cl\u00ednicos a pacientes con condiciones cr\u00f3nicas y agudas, incluyendo aquellos admitidos en unidades de cuidado cr\u00edtico. As\u00ed mismo, fomentar\u00e1 el pensamiento cr\u00edtico en el an\u00e1lisis, la planificaci\u00f3n y la provisi\u00f3n de servicios de salud, conforme a los m\u00e1s altos est\u00e1ndares profesionales.<\/p>\n<p><strong><a href=\"https:\/\/escueladesaludhsp.com\/wp-content\/uploads\/2025\/08\/SECUENCIAL-CURRICULAR-AGACNP-3-1.pdf\">Descargar Secuencial Curricular ver. ESP<\/a><\/strong><\/p>\n<p><strong><a href=\"https:\/\/escueladesaludhsp.com\/wp-content\/uploads\/2025\/08\/SECUENCIAL-CURRICULAR-AGACNP-En-US.pdf\">Descargar Secuencial Curricular ver. ENG<\/a><\/strong><\/p>\n<h2>Mejora tus habilidades con <\/br><br \/>\nlos mejores cursos pr\u00e1cticos<\/h2>\n<p>\t\t\t\t\t\t\t\t\t\t<a href=\"https:\/\/escueladesaludhsp.com\/?page_id=4070\"><br \/>\n\t\t\t\t\t\t\t\t\tComienza Ahora<br \/>\n\t\t\t\t\t<\/a><\/p>\n","protected":false},"excerpt":{"rendered":"<p>Maestr\u00eda en Nurse Practitioner en Cuidado Agudo en Gerontolog\u00eda-Adulto Descripci\u00f3n: El programa desarrolla enfermeros a nivel de maestr\u00eda para proporcionar atenci\u00f3n especializada de pr\u00e1ctica avanzada para trabajar en colaboraci\u00f3n directa &hellip; <br \/><a href=\"https:\/\/escueladesaludhsp.com\/?page_id=4046\" class=\"more-link\">Continue reading <span class=\"screen-reader-text\">Secuencial Curricular<\/span><\/a><\/p>\n","protected":false},"author":1,"featured_media":0,"parent":0,"menu_order":0,"comment_status":"closed","ping_status":"closed","template":"","meta":{"footnotes":""},"class_list":["post-4046","page","type-page","status-publish","hentry"],"_links":{"self":[{"href":"https:\/\/escueladesaludhsp.com\/index.php?rest_route=\/wp\/v2\/pages\/4046","targetHints":{"allow":["GET"]}}],"collection":[{"href":"https:\/\/escueladesaludhsp.com\/index.php?rest_route=\/wp\/v2\/pages"}],"about":[{"href":"https:\/\/escueladesaludhsp.com\/index.php?rest_route=\/wp\/v2\/types\/page"}],"author":[{"embeddable":true,"href":"https:\/\/escueladesaludhsp.com\/index.php?rest_route=\/wp\/v2\/users\/1"}],"replies":[{"embeddable":true,"href":"https:\/\/escueladesaludhsp.com\/index.php?rest_route=%2Fwp%2Fv2%2Fcomments&post=4046"}],"version-history":[{"count":41,"href":"https:\/\/escueladesaludhsp.com\/index.php?rest_route=\/wp\/v2\/pages\/4046\/revisions"}],"predecessor-version":[{"id":4389,"href":"https:\/\/escueladesaludhsp.com\/index.php?rest_route=\/wp\/v2\/pages\/4046\/revisions\/4389"}],"wp:attachment":[{"href":"https:\/\/escueladesaludhsp.com\/index.php?rest_route=%2Fwp%2Fv2%2Fmedia&parent=4046"}],"curies":[{"name":"wp","href":"https:\/\/api.w.org\/{rel}","templated":true}]}}